{"id":30698,"date":"2020-05-11T15:56:29","date_gmt":"2020-05-11T13:56:29","guid":{"rendered":"https:\/\/citizens.forwaves.com\/?page_id=30698"},"modified":"2023-07-24T19:03:21","modified_gmt":"2023-07-24T17:03:21","slug":"webinar_offert_covid_19_inscription","status":"publish","type":"page","link":"https:\/\/citizens.forwaves.com\/fr\/webinar_offert_covid_19_inscription\/","title":{"rendered":"Webinar_offert_covid_19_inscription"},"content":{"rendered":"<p>[et_pb_section fb_built=\u00a0\u00bb1&Prime; _builder_version=\u00a0\u00bb3.25.4&Prime;][et_pb_row column_structure=\u00a0\u00bb1_2,1_2&Prime; _builder_version=\u00a0\u00bb3.25.4&Prime;][et_pb_column type=\u00a0\u00bb1_2&Prime; _builder_version=\u00a0\u00bb3.25.4&Prime;][et_pb_image src=\u00a0\u00bbhttps:\/\/citizens.forwaves.com\/wp-content\/uploads\/2023\/07\/ForWaves_leadership_mentoring_program.webp\u00a0\u00bb _builder_version=\u00a0\u00bb4.6.6&Prime; hover_enabled=\u00a0\u00bb0&Prime; title_text=\u00a0\u00bbForWaves_leadership_mentoring_program\u00a0\u00bb sticky_enabled=\u00a0\u00bb0&Prime;][\/et_pb_image][\/et_pb_column][et_pb_column type=\u00a0\u00bb1_2&Prime; _builder_version=\u00a0\u00bb3.25.4&Prime;][et_pb_text admin_label=\u00a0\u00bbTittle\u00a0\u00bb _builder_version=\u00a0\u00bb3.27.4&Prime; text_font=\u00a0\u00bbNunito||||||||\u00a0\u00bb text_font_size=\u00a0\u00bb18px\u00a0\u00bb text_line_height=\u00a0\u00bb1.8em\u00a0\u00bb header_font=\u00a0\u00bb||||||||\u00a0\u00bb header_2_font=\u00a0\u00bbOswald|||on|||||\u00a0\u00bb header_2_text_align=\u00a0\u00bbcenter\u00a0\u00bb header_2_font_size=\u00a0\u00bb40px\u00a0\u00bb header_2_letter_spacing=\u00a0\u00bb1px\u00a0\u00bb header_2_line_height=\u00a0\u00bb1.5em\u00a0\u00bb header_3_font=\u00a0\u00bb||||||||\u00a0\u00bb max_width=\u00a0\u00bb1199px\u00a0\u00bb max_width_last_edited=\u00a0\u00bboff|desktop\u00a0\u00bb module_alignment=\u00a0\u00bbcenter\u00a0\u00bb custom_margin=\u00a0\u00bb1px|||||\u00a0\u00bb inline_fonts=\u00a0\u00bbTimes New Roman,Roboto\u00a0\u00bb]<\/p>\n<h1 style=\"text-align: center;\"><span style=\"font-size: x-large;\"><strong><span style=\"font-family: Roboto;\">Cet atelier est offert gratuitement pour un temps limit\u00e9 &#8211; Si vous voyez cette page, c&rsquo;est que des places se sont ouvertes!<\/span><\/strong><\/span><\/h1>\n<p>[\/et_pb_text][\/et_pb_column][\/et_pb_row][\/et_pb_section][et_pb_section fb_built=\u00a0\u00bb1&Prime; _builder_version=\u00a0\u00bb3.25.4&Prime; custom_padding=\u00a0\u00bb||0px|||\u00a0\u00bb][et_pb_row _builder_version=\u00a0\u00bb3.25.4&Prime;][et_pb_column type=\u00a0\u00bb4_4&Prime; _builder_version=\u00a0\u00bb3.25.4&Prime;][et_pb_text admin_label=\u00a0\u00bbTittle\u00a0\u00bb _builder_version=\u00a0\u00bb3.27.4&Prime; text_font=\u00a0\u00bbNunito||||||||\u00a0\u00bb text_font_size=\u00a0\u00bb18px\u00a0\u00bb text_line_height=\u00a0\u00bb1.8em\u00a0\u00bb header_font=\u00a0\u00bb||||||||\u00a0\u00bb header_2_font=\u00a0\u00bbOswald|||on|||||\u00a0\u00bb header_2_text_align=\u00a0\u00bbcenter\u00a0\u00bb header_2_font_size=\u00a0\u00bb40px\u00a0\u00bb header_2_letter_spacing=\u00a0\u00bb1px\u00a0\u00bb header_2_line_height=\u00a0\u00bb1.5em\u00a0\u00bb header_3_font=\u00a0\u00bb||||||||\u00a0\u00bb max_width=\u00a0\u00bb1199px\u00a0\u00bb max_width_last_edited=\u00a0\u00bboff|desktop\u00a0\u00bb module_alignment=\u00a0\u00bbcenter\u00a0\u00bb custom_margin=\u00a0\u00bb-64px|||||\u00a0\u00bb]<\/p>\n<h2>Vous n&rsquo;\u00eates plus qu&rsquo;\u00e0 un pas!<\/h2>\n<p>[\/et_pb_text][et_pb_text _builder_version=\u00a0\u00bb3.27.4&Prime;]<\/p>\n<h1 style=\"text-align: center;\">Remplissez ce bref questionnaire avant que l&rsquo;atelier ne soit plein!<\/h1>\n<p>[\/et_pb_text][\/et_pb_column][\/et_pb_row][\/et_pb_section][et_pb_section fb_built=\u00a0\u00bb1&Prime; _builder_version=\u00a0\u00bb4.6.6&Prime; custom_padding=\u00a0\u00bb0px|||||\u00a0\u00bb][et_pb_row _builder_version=\u00a0\u00bb4.6.6&Prime;][et_pb_column type=\u00a0\u00bb4_4&Prime; _builder_version=\u00a0\u00bb3.25.4&Prime;][wpforms_selector form_id=\u00a0\u00bb32300&Prime; _builder_version=\u00a0\u00bb4.6.6&Prime; _module_preset=\u00a0\u00bbdefault\u00a0\u00bb][\/wpforms_selector][et_pb_text _builder_version=\u00a0\u00bb3.27.4&Prime; min_height=\u00a0\u00bb31px\u00a0\u00bb custom_margin=\u00a0\u00bb||15px|||\u00a0\u00bb custom_padding=\u00a0\u00bb||0px|||\u00a0\u00bb]<\/p>\n<h1><span data-gjs-type=\"text\" draggable=\"true\" style=\"transition: all 0.2s ease 0s; font-size: large;\" id=\"iz6dg8-2-2-2-2-2\">En vous inscrivant, vous acceptez de recevoir notre newsletter. Vous pouvez vous d\u00e9sinscrire \u00e0 tout moment. Vous recevrez toutes les informations concernant le prochain atelier <\/span><span data-gjs-type=\"text\" draggable=\"true\" style=\"transition: all 0.2s ease 0s; font-size: large;\" id=\"iz6dg8-2-2-2-2-2\">en ligne <\/span><span data-gjs-type=\"text\" draggable=\"true\" style=\"transition: all 0.2s ease 0s; font-size: large;\" id=\"iz6dg8-2-2-2-2-2\">ou date(s) propos\u00e9e(s) par e-mail.<\/span><\/h1>\n<p>[\/et_pb_text][\/et_pb_column][\/et_pb_row][\/et_pb_section][et_pb_section fb_built=\u00a0\u00bb1&Prime; _builder_version=\u00a0\u00bb3.25.4&Prime; custom_padding=\u00a0\u00bb||6px|||\u00a0\u00bb][et_pb_row column_structure=\u00a0\u00bb1_3,1_3,1_3&Prime; _builder_version=\u00a0\u00bb3.25.4&Prime;][et_pb_column type=\u00a0\u00bb1_3&Prime; _builder_version=\u00a0\u00bb3.25.4&Prime;][et_pb_image src=\u00a0\u00bbhttps:\/\/citizens.forwaves.com\/wp-content\/uploads\/2023\/07\/best-career-transition-coaching-scaled.webp\u00a0\u00bb _builder_version=\u00a0\u00bb4.6.6&Prime; hover_enabled=\u00a0\u00bb0&Prime; title_text=\u00a0\u00bbbest-career-transition-coaching\u00a0\u00bb sticky_enabled=\u00a0\u00bb0&Prime;][\/et_pb_image][\/et_pb_column][et_pb_column type=\u00a0\u00bb1_3&Prime; _builder_version=\u00a0\u00bb3.25.4&Prime;][et_pb_image src=\u00a0\u00bbhttps:\/\/citizens.forwaves.com\/wp-content\/uploads\/2023\/07\/leadership-coaching-courses.webp\u00a0\u00bb _builder_version=\u00a0\u00bb4.6.6&Prime; hover_enabled=\u00a0\u00bb0&Prime; title_text=\u00a0\u00bbleadership-coaching-courses\u00a0\u00bb sticky_enabled=\u00a0\u00bb0&Prime;][\/et_pb_image][\/et_pb_column][et_pb_column type=\u00a0\u00bb1_3&Prime; _builder_version=\u00a0\u00bb3.25.4&Prime;][et_pb_image src=\u00a0\u00bbhttps:\/\/citizens.forwaves.com\/wp-content\/uploads\/2023\/07\/top-career-transition-courses-scaled.webp\u00a0\u00bb _builder_version=\u00a0\u00bb4.6.6&Prime; hover_enabled=\u00a0\u00bb0&Prime; title_text=\u00a0\u00bbtop-career-transition-courses\u00a0\u00bb sticky_enabled=\u00a0\u00bb0&Prime;][\/et_pb_image][\/et_pb_column][\/et_pb_row][\/et_pb_section][et_pb_section fb_built=\u00a0\u00bb1&Prime; _builder_version=\u00a0\u00bb3.25.4&Prime;][et_pb_row column_structure=\u00a0\u00bb1_3,2_3&Prime; _builder_version=\u00a0\u00bb3.25.4&Prime;][et_pb_column type=\u00a0\u00bb1_3&Prime; _builder_version=\u00a0\u00bb3.25.4&Prime;][et_pb_image src=\u00a0\u00bbhttps:\/\/citizens.forwaves.com\/wp-content\/uploads\/2023\/07\/Maria_Zarraga.webp\u00a0\u00bb _builder_version=\u00a0\u00bb4.6.6&Prime; hover_enabled=\u00a0\u00bb0&Prime; title_text=\u00a0\u00bbMaria_Zarraga\u00a0\u00bb sticky_enabled=\u00a0\u00bb0&Prime;][\/et_pb_image][\/et_pb_column][et_pb_column type=\u00a0\u00bb2_3&Prime; _builder_version=\u00a0\u00bb3.25.4&Prime;][et_pb_text _builder_version=\u00a0\u00bb3.27.4&Prime; custom_margin=\u00a0\u00bb55px|2px||10px||\u00a0\u00bb custom_padding=\u00a0\u00bb|0px||||\u00a0\u00bb]<\/p>\n<h1 data-gjs-type=\"text\" draggable=\"true\" style=\"transition: all 0.2s ease 0s; text-align: center;\" id=\"ii4s2-2-2\"><b data-gjs-type=\"text\" draggable=\"true\" style=\"transition: all .2s;\" id=\"izokq-2-2-2-2\">\u00ab\u00a0Optez pour une carri\u00e8re porteuse de sens et cr\u00e9ons des vagues positives pour le <\/b><\/h1>\n<h1 data-gjs-type=\"text\" draggable=\"true\" style=\"transition: all 0.2s ease 0s; text-align: center;\"><b data-gjs-type=\"text\" draggable=\"true\" style=\"transition: all .2s;\" id=\"izokq-2-2-2-2\">monde de demain!\u00a0\u00bb<\/b><\/h1>\n<h1 data-gjs-type=\"text\" draggable=\"true\" style=\"transition: all 0.2s ease 0s; text-align: center;\">&#8211; Maria Zarraga<\/h1>\n<p>[\/et_pb_text][\/et_pb_column][\/et_pb_row][\/et_pb_section][et_pb_section fb_built=\u00a0\u00bb1&Prime; _builder_version=\u00a0\u00bb3.25.4&Prime; custom_padding=\u00a0\u00bb3px||5px|||\u00a0\u00bb][et_pb_row _builder_version=\u00a0\u00bb3.25.4&Prime;][et_pb_column type=\u00a0\u00bb4_4&Prime; _builder_version=\u00a0\u00bb3.25.4&Prime;][et_pb_text _builder_version=\u00a0\u00bb4.6.6&Prime; hover_enabled=\u00a0\u00bb0&Prime; sticky_enabled=\u00a0\u00bb0&Prime;]<\/p>\n<div data-gjs-type=\"default\" draggable=\"true\" id=\"i447es\"><\/div>\n<div data-gjs-type=\"text\" draggable=\"true\" style=\"transition: all 0.2s ease 0s; text-align: center;\" id=\"i8podi\">Copyright <span data-gjs-type=\"text\" draggable=\"true\" style=\"transition: all .2s;\" id=\"iut6t6-2\">\u00a9 2023 ForWaves Consulting Sarl &#8211; Tous droits r\u00e9serv\u00e9s<\/span><\/div>\n<p>[\/et_pb_text][\/et_pb_column][\/et_pb_row][\/et_pb_section]<\/p>\n","protected":false},"excerpt":{"rendered":"<p>Cet atelier est offert gratuitement pour un temps limit\u00e9 &#8211; Si vous voyez cette page, c&rsquo;est que des places se sont ouvertes!Vous n&rsquo;\u00eates plus qu&rsquo;\u00e0 un pas!Remplissez ce bref questionnaire avant que l&rsquo;atelier ne soit plein!<div class=\"et_pb_module wpforms_selector wpforms_selector_0\">\n\t\t\t\t\n\t\t\t\t\n\t\t\t\t\n\t\t\t\t\n\t\t\t\t\n\t\t\t\t\n\t\t\t\t<div class=\"et_pb_module_inner\">\n\t\t\t\t\t<div class=\"wpforms-container wpforms-container-full\" id=\"wpforms-32300\"><form id=\"wpforms-form-32300\" class=\"wpforms-validate wpforms-form\" data-formid=\"32300\" method=\"post\" enctype=\"multipart\/form-data\" action=\"\/fr\/wp-json\/wp\/v2\/pages\/30698\" data-token=\"27a06c5c2031e0c3ddfbc04624357327\"><noscript class=\"wpforms-error-noscript\">Veuillez activer JavaScript dans votre navigateur pour remplir ce formulaire.<\/noscript><div class=\"wpforms-field-container\"><div id=\"wpforms-32300-field_0-container\" class=\"wpforms-field wpforms-field-name\" data-field-id=\"0\"><label class=\"wpforms-field-label\" for=\"wpforms-32300-field_0\">Pr\u00e9nom <span class=\"wpforms-required-label\">*<\/span><\/label><input type=\"text\" id=\"wpforms-32300-field_0\" class=\"wpforms-field-medium wpforms-field-required\" name=\"wpforms[fields][0]\" required><\/div><div id=\"wpforms-32300-field_6-container\" class=\"wpforms-field wpforms-field-name\" data-field-id=\"6\"><label class=\"wpforms-field-label\" for=\"wpforms-32300-field_6\">Nom de famille <span class=\"wpforms-required-label\">*<\/span><\/label><input type=\"text\" id=\"wpforms-32300-field_6\" class=\"wpforms-field-medium wpforms-field-required\" name=\"wpforms[fields][6]\" required><\/div><div id=\"wpforms-32300-field_1-container\" class=\"wpforms-field wpforms-field-email\" data-field-id=\"1\"><label class=\"wpforms-field-label\" for=\"wpforms-32300-field_1\">Votre adresse email <span class=\"wpforms-required-label\">*<\/span><\/label><input type=\"email\" id=\"wpforms-32300-field_1\" class=\"wpforms-field-medium wpforms-field-required\" name=\"wpforms[fields][1]\" spellcheck=\"false\" required><\/div><div id=\"wpforms-32300-field_3-container\" class=\"wpforms-field wpforms-field-radio\" data-field-id=\"3\"><label class=\"wpforms-field-label\" for=\"wpforms-32300-field_3\">Je souhaite m&#039;inscrire au webinaire du lundi 26 ao\u00fbt 2024 \u00e0 19h00. <span class=\"wpforms-required-label\">*<\/span><\/label><ul id=\"wpforms-32300-field_3\" class=\"wpforms-field-required\"><li class=\"choice-7 depth-1\"><input type=\"radio\" id=\"wpforms-32300-field_3_7\" name=\"wpforms[fields][3]\" value=\"Oui je souhaite m&#039;inscrire au webinaire du 26 ao\u00fbt 2024 \u00e0 19h00.\" required ><label class=\"wpforms-field-label-inline\" for=\"wpforms-32300-field_3_7\">Oui je souhaite m'inscrire au webinaire du 26 ao\u00fbt 2024 \u00e0 19h00.<\/label><\/li><li class=\"choice-6 depth-1\"><input type=\"radio\" id=\"wpforms-32300-field_3_6\" name=\"wpforms[fields][3]\" value=\"Non, je ne suis pas disponible \u00e0 cette date mais souhaite participer \u00e0 un prochain webinaire, de pr\u00e9f\u00e9rence \u00e0 19h00 (UTC+2). Veuillez me tenir au courant de la prochaine date.\" required ><label class=\"wpforms-field-label-inline\" for=\"wpforms-32300-field_3_6\">Non, je ne suis pas disponible \u00e0 cette date mais souhaite participer \u00e0 un prochain webinaire, de pr\u00e9f\u00e9rence \u00e0 19h00 (UTC+2). Veuillez me tenir au courant de la prochaine date.<\/label><\/li><li class=\"choice-5 depth-1\"><input type=\"radio\" id=\"wpforms-32300-field_3_5\" name=\"wpforms[fields][3]\" value=\"Non, je ne suis pas disponible \u00e0 cette date mais souhaite participer \u00e0 un prochain webinaire, de pr\u00e9f\u00e9rence \u00e0 12h00 (UTC+2). Veuillez me tenir au courant de la prochaine date.\" required ><label class=\"wpforms-field-label-inline\" for=\"wpforms-32300-field_3_5\">Non, je ne suis pas disponible \u00e0 cette date mais souhaite participer \u00e0 un prochain webinaire, de pr\u00e9f\u00e9rence \u00e0 12h00 (UTC+2). Veuillez me tenir au courant de la prochaine date.<\/label><\/li><\/ul><\/div><div id=\"wpforms-32300-field_7-container\" class=\"wpforms-field wpforms-field-radio\" data-field-id=\"7\"><label class=\"wpforms-field-label\" for=\"wpforms-32300-field_7\">Les webinaires peuvent avoir lieu en fran\u00e7ais ou en anglais. Veuillez indiquer votre pr\u00e9f\u00e9rence. <span class=\"wpforms-required-label\">*<\/span><\/label><ul id=\"wpforms-32300-field_7\" class=\"wpforms-field-required\"><li class=\"choice-4 depth-1\"><input type=\"radio\" id=\"wpforms-32300-field_7_4\" name=\"wpforms[fields][7]\" value=\"Fran\u00e7ais\" required ><label class=\"wpforms-field-label-inline\" for=\"wpforms-32300-field_7_4\">Fran\u00e7ais<\/label><\/li><li class=\"choice-6 depth-1\"><input type=\"radio\" id=\"wpforms-32300-field_7_6\" name=\"wpforms[fields][7]\" value=\"Anglais\" required ><label class=\"wpforms-field-label-inline\" for=\"wpforms-32300-field_7_6\">Anglais<\/label><\/li><li class=\"choice-5 depth-1\"><input type=\"radio\" id=\"wpforms-32300-field_7_5\" name=\"wpforms[fields][7]\" value=\"Les deux me conviennent: fran\u00e7ais ou anglais.\" required ><label class=\"wpforms-field-label-inline\" for=\"wpforms-32300-field_7_5\">Les deux me conviennent: fran\u00e7ais ou anglais.<\/label><\/li><\/ul><\/div><div id=\"wpforms-32300-field_8-container\" class=\"wpforms-field wpforms-field-textarea\" data-field-id=\"8\"><label class=\"wpforms-field-label\" for=\"wpforms-32300-field_8\">Commentaire ou message<\/label><textarea id=\"wpforms-32300-field_8\" class=\"wpforms-field-medium\" name=\"wpforms[fields][8]\" ><\/textarea><\/div><\/div><!-- .wpforms-field-container --><div class=\"wpforms-submit-container\" ><input type=\"hidden\" name=\"wpforms[id]\" value=\"32300\"><input type=\"hidden\" name=\"wpforms[author]\" value=\"1\"><button type=\"submit\" name=\"wpforms[submit]\" id=\"wpforms-submit-32300\" class=\"wpforms-submit\" data-alt-text=\"Sending...\" data-submit-text=\"Submit\" aria-live=\"assertive\" value=\"wpforms-submit\">Submit<\/button><\/div><\/form><\/div>  <!-- .wpforms-container -->\n\t\t\t\t<\/div>\n\t\t\t<\/div>En vous inscrivant, vous acceptez de recevoir notre newsletter. Vous pouvez vous d\u00e9sinscrire \u00e0 tout moment. Vous [&hellip;]<\/p>\n","protected":false},"author":1,"featured_media":0,"parent":0,"menu_order":0,"comment_status":"closed","ping_status":"closed","template":"page-template-blank.php","meta":{"_et_pb_use_builder":"on","_et_pb_old_content":"","_et_gb_content_width":"","footnotes":""},"_links":{"self":[{"href":"https:\/\/citizens.forwaves.com\/fr\/wp-json\/wp\/v2\/pages\/30698"}],"collection":[{"href":"https:\/\/citizens.forwaves.com\/fr\/wp-json\/wp\/v2\/pages"}],"about":[{"href":"https:\/\/citizens.forwaves.com\/fr\/wp-json\/wp\/v2\/types\/page"}],"author":[{"embeddable":true,"href":"https:\/\/citizens.forwaves.com\/fr\/wp-json\/wp\/v2\/users\/1"}],"replies":[{"embeddable":true,"href":"https:\/\/citizens.forwaves.com\/fr\/wp-json\/wp\/v2\/comments?post=30698"}],"version-history":[{"count":22,"href":"https:\/\/citizens.forwaves.com\/fr\/wp-json\/wp\/v2\/pages\/30698\/revisions"}],"predecessor-version":[{"id":34862,"href":"https:\/\/citizens.forwaves.com\/fr\/wp-json\/wp\/v2\/pages\/30698\/revisions\/34862"}],"wp:attachment":[{"href":"https:\/\/citizens.forwaves.com\/fr\/wp-json\/wp\/v2\/media?parent=30698"}],"curies":[{"name":"wp","href":"https:\/\/api.w.org\/{rel}","templated":true}]}}