{"id":32983,"date":"2022-09-23T02:52:10","date_gmt":"2022-09-23T00:52:10","guid":{"rendered":"https:\/\/citizens.forwaves.com\/?page_id=32983"},"modified":"2023-07-24T19:16:43","modified_gmt":"2023-07-24T17:16:43","slug":"soutien-tatjana-inscription","status":"publish","type":"page","link":"https:\/\/citizens.forwaves.com\/fr\/soutien-tatjana-inscription\/","title":{"rendered":"Soutien \u00e0 l&rsquo;Initiative Tatjana_Inscription"},"content":{"rendered":"<p>[et_pb_section fb_built=\u00a0\u00bb1&Prime; _builder_version=\u00a0\u00bb3.25.4&Prime;][et_pb_row column_structure=\u00a0\u00bb1_3,1_3,1_3&Prime; _builder_version=\u00a0\u00bb3.25.4&Prime;][et_pb_column type=\u00a0\u00bb1_3&Prime; _builder_version=\u00a0\u00bb3.25.4&Prime;][\/et_pb_column][et_pb_column type=\u00a0\u00bb1_3&Prime; _builder_version=\u00a0\u00bb4.6.6&Prime; _module_preset=\u00a0\u00bbdefault\u00a0\u00bb][et_pb_image src=\u00a0\u00bbhttps:\/\/citizens.forwaves.com\/wp-content\/uploads\/2023\/07\/ForWaves_leadership_mentoring_program.webp\u00a0\u00bb _builder_version=\u00a0\u00bb4.6.6&Prime; hover_enabled=\u00a0\u00bb0&Prime; title_text=\u00a0\u00bbForWaves_leadership_mentoring_program\u00a0\u00bb sticky_enabled=\u00a0\u00bb0&Prime;][\/et_pb_image][\/et_pb_column][et_pb_column type=\u00a0\u00bb1_3&Prime; _builder_version=\u00a0\u00bb3.25.4&Prime;][\/et_pb_column][\/et_pb_row][\/et_pb_section][et_pb_section fb_built=\u00a0\u00bb1&Prime; _builder_version=\u00a0\u00bb3.25.4&Prime; custom_padding=\u00a0\u00bb||0px|||\u00a0\u00bb][et_pb_row _builder_version=\u00a0\u00bb3.25.4&Prime; custom_padding=\u00a0\u00bb||1px|||\u00a0\u00bb][et_pb_column type=\u00a0\u00bb4_4&Prime; _builder_version=\u00a0\u00bb3.25.4&Prime;][et_pb_text admin_label=\u00a0\u00bbTittle\u00a0\u00bb _builder_version=\u00a0\u00bb3.27.4&Prime; text_font=\u00a0\u00bbNunito||||||||\u00a0\u00bb text_font_size=\u00a0\u00bb18px\u00a0\u00bb text_line_height=\u00a0\u00bb1.8em\u00a0\u00bb header_font=\u00a0\u00bb||||||||\u00a0\u00bb header_2_font=\u00a0\u00bbOswald|||on|||||\u00a0\u00bb header_2_text_align=\u00a0\u00bbcenter\u00a0\u00bb header_2_font_size=\u00a0\u00bb40px\u00a0\u00bb header_2_letter_spacing=\u00a0\u00bb1px\u00a0\u00bb header_2_line_height=\u00a0\u00bb1.5em\u00a0\u00bb header_3_font=\u00a0\u00bb||||||||\u00a0\u00bb max_width=\u00a0\u00bb1199px\u00a0\u00bb max_width_last_edited=\u00a0\u00bboff|desktop\u00a0\u00bb module_alignment=\u00a0\u00bbcenter\u00a0\u00bb custom_margin=\u00a0\u00bb-64px|||||\u00a0\u00bb]<\/p>\n<h2>Initiative TatjanA<\/h2>\n<h2>Repas de soutien &amp; F\u00eate d&rsquo;anniversaire<\/h2>\n<p>[\/et_pb_text][et_pb_text _builder_version=\u00a0\u00bb3.27.4&Prime;]<\/p>\n<h1 style=\"text-align: center;\">Pour des questions d&rsquo;organisation, merci de remplir le bref questionnaire d\u00e8s que possible (avant le mardi 11 avril 2023)<\/h1>\n<p>&nbsp;<\/p>\n<p style=\"text-align: center;\">\u00a0\u27a1\ufe0f Les places sont limit\u00e9es.<\/p>\n<p>&nbsp;<\/p>\n<p>[\/et_pb_text][\/et_pb_column][\/et_pb_row][\/et_pb_section][et_pb_section fb_built=\u00a0\u00bb1&Prime; _builder_version=\u00a0\u00bb4.6.6&Prime; custom_padding=\u00a0\u00bb0px|||||\u00a0\u00bb][et_pb_row _builder_version=\u00a0\u00bb4.6.6&Prime;][et_pb_column type=\u00a0\u00bb4_4&Prime; _builder_version=\u00a0\u00bb3.25.4&Prime;][wpforms_selector form_id=\u00a0\u00bb33603&Prime; _builder_version=\u00a0\u00bb4.6.6&Prime; _module_preset=\u00a0\u00bbdefault\u00a0\u00bb][\/wpforms_selector][\/et_pb_column][\/et_pb_row][\/et_pb_section][et_pb_section fb_built=\u00a0\u00bb1&Prime; _builder_version=\u00a0\u00bb3.25.4&Prime; custom_padding=\u00a0\u00bb||6px|||\u00a0\u00bb][et_pb_row _builder_version=\u00a0\u00bb3.25.4&Prime;][et_pb_column type=\u00a0\u00bb4_4&Prime; _builder_version=\u00a0\u00bb3.25.4&Prime;][et_pb_image src=\u00a0\u00bbhttps:\/\/citizens.forwaves.com\/wp-content\/uploads\/2023\/07\/aide-re\u0301insertion-professionnelle.webp\u00a0\u00bb title_text=\u00a0\u00bbaide-re\u0301insertion-professionnelle\u00a0\u00bb _builder_version=\u00a0\u00bb4.6.6&Prime; hover_enabled=\u00a0\u00bb0&Prime; sticky_enabled=\u00a0\u00bb0&Prime;][\/et_pb_image][\/et_pb_column][\/et_pb_row][\/et_pb_section]<\/p>\n","protected":false},"excerpt":{"rendered":"<p>Initiative TatjanA Repas de soutien &amp; F\u00eate d&rsquo;anniversairePour des questions d&rsquo;organisation, merci de remplir le bref questionnaire d\u00e8s que possible (avant le mardi 11 avril 2023) &nbsp; \u00a0\u27a1\ufe0f Les places sont limit\u00e9es. &nbsp;<div class=\"et_pb_module wpforms_selector wpforms_selector_0\">\n\t\t\t\t\n\t\t\t\t\n\t\t\t\t\n\t\t\t\t\n\t\t\t\t\n\t\t\t\t\n\t\t\t\t<div class=\"et_pb_module_inner\">\n\t\t\t\t\t<div class=\"wpforms-container wpforms-container-full\" id=\"wpforms-33603\"><form id=\"wpforms-form-33603\" class=\"wpforms-validate wpforms-form\" data-formid=\"33603\" method=\"post\" enctype=\"multipart\/form-data\" action=\"\/fr\/wp-json\/wp\/v2\/pages\/32983\" data-token=\"74f8bc783a0be43d12cc5f81297a819e\"><noscript class=\"wpforms-error-noscript\">Veuillez activer JavaScript dans votre navigateur pour remplir ce formulaire.<\/noscript><div class=\"wpforms-field-container\"><div id=\"wpforms-33603-field_46-container\" class=\"wpforms-field wpforms-field-radio\" data-field-id=\"46\"><label class=\"wpforms-field-label\" for=\"wpforms-33603-field_46\">Veuillez indiquer votre titre <span class=\"wpforms-required-label\">*<\/span><\/label><ul id=\"wpforms-33603-field_46\" class=\"wpforms-field-required\"><li class=\"choice-4 depth-1\"><input type=\"radio\" id=\"wpforms-33603-field_46_4\" name=\"wpforms[fields][46]\" value=\"Madame\" required ><label class=\"wpforms-field-label-inline\" for=\"wpforms-33603-field_46_4\">Madame<\/label><\/li><li class=\"choice-5 depth-1\"><input type=\"radio\" id=\"wpforms-33603-field_46_5\" name=\"wpforms[fields][46]\" value=\"Monsieur\" required ><label class=\"wpforms-field-label-inline\" for=\"wpforms-33603-field_46_5\">Monsieur<\/label><\/li><\/ul><\/div><div id=\"wpforms-33603-field_0-container\" class=\"wpforms-field wpforms-field-name\" data-field-id=\"0\"><label class=\"wpforms-field-label\" for=\"wpforms-33603-field_0\">Pr\u00e9nom <span class=\"wpforms-required-label\">*<\/span><\/label><input type=\"text\" id=\"wpforms-33603-field_0\" class=\"wpforms-field-medium wpforms-field-required\" name=\"wpforms[fields][0]\" required><\/div><div id=\"wpforms-33603-field_5-container\" class=\"wpforms-field wpforms-field-name\" data-field-id=\"5\"><label class=\"wpforms-field-label\" for=\"wpforms-33603-field_5\">Nom <span class=\"wpforms-required-label\">*<\/span><\/label><input type=\"text\" id=\"wpforms-33603-field_5\" class=\"wpforms-field-medium wpforms-field-required\" name=\"wpforms[fields][5]\" required><\/div><div id=\"wpforms-33603-field_1-container\" class=\"wpforms-field wpforms-field-email\" data-field-id=\"1\"><label class=\"wpforms-field-label\" for=\"wpforms-33603-field_1\">Votre adresse email <span class=\"wpforms-required-label\">*<\/span><\/label><input type=\"email\" id=\"wpforms-33603-field_1\" class=\"wpforms-field-medium wpforms-field-required\" name=\"wpforms[fields][1]\" spellcheck=\"false\" required><\/div><div id=\"wpforms-33603-field_22-container\" class=\"wpforms-field wpforms-field-name\" data-field-id=\"22\"><label class=\"wpforms-field-label\" for=\"wpforms-33603-field_22\">Num\u00e9ro de portable <span class=\"wpforms-required-label\">*<\/span><\/label><input type=\"text\" id=\"wpforms-33603-field_22\" class=\"wpforms-field-medium wpforms-field-required\" name=\"wpforms[fields][22]\" required><\/div><div id=\"wpforms-33603-field_23-container\" class=\"wpforms-field wpforms-field-name\" data-field-id=\"23\"><label class=\"wpforms-field-label\" for=\"wpforms-33603-field_23\">Rue, N\u00b0 <span class=\"wpforms-required-label\">*<\/span><\/label><input type=\"text\" id=\"wpforms-33603-field_23\" class=\"wpforms-field-medium wpforms-field-required\" name=\"wpforms[fields][23]\" required><\/div><div id=\"wpforms-33603-field_24-container\" class=\"wpforms-field wpforms-field-name\" data-field-id=\"24\"><label class=\"wpforms-field-label\" for=\"wpforms-33603-field_24\">Code postal <span class=\"wpforms-required-label\">*<\/span><\/label><input type=\"text\" id=\"wpforms-33603-field_24\" class=\"wpforms-field-medium wpforms-field-required\" name=\"wpforms[fields][24]\" required><\/div><div id=\"wpforms-33603-field_25-container\" class=\"wpforms-field wpforms-field-name\" data-field-id=\"25\"><label class=\"wpforms-field-label\" for=\"wpforms-33603-field_25\">Ville <span class=\"wpforms-required-label\">*<\/span><\/label><input type=\"text\" id=\"wpforms-33603-field_25\" class=\"wpforms-field-medium wpforms-field-required\" name=\"wpforms[fields][25]\" required><\/div><div id=\"wpforms-33603-field_26-container\" class=\"wpforms-field wpforms-field-name\" data-field-id=\"26\"><label class=\"wpforms-field-label\" for=\"wpforms-33603-field_26\">Pays <span class=\"wpforms-required-label\">*<\/span><\/label><input type=\"text\" id=\"wpforms-33603-field_26\" class=\"wpforms-field-medium wpforms-field-required\" name=\"wpforms[fields][26]\" required><\/div><div id=\"wpforms-33603-field_3-container\" class=\"wpforms-field wpforms-field-radio\" data-field-id=\"3\"><label class=\"wpforms-field-label\" for=\"wpforms-33603-field_3\">Je souhaite recevoir mon invitation pour La Soir\u00e9e de Soutien \u00e0 l&#039;Initiative Tatiana <span class=\"wpforms-required-label\">*<\/span><\/label><ul id=\"wpforms-33603-field_3\" class=\"wpforms-field-required\"><li class=\"choice-6 depth-1\"><input type=\"radio\" id=\"wpforms-33603-field_3_6\" name=\"wpforms[fields][3]\" value=\"Oui. Je souhaite recevoir 1 invitation.\" required ><label class=\"wpforms-field-label-inline\" for=\"wpforms-33603-field_3_6\">Oui. Je souhaite recevoir 1 invitation.<\/label><\/li><li class=\"choice-7 depth-1\"><input type=\"radio\" id=\"wpforms-33603-field_3_7\" name=\"wpforms[fields][3]\" value=\"Oui. je souhaite recevoir plusieurs invitations (conjoint-e, enfant-s). &gt; Les invitations sont nominatives. Veuillez lister tous les pr\u00e9nom et noms des personnes qui vous accompagnent ci-dessous.  Si vous souhaitez venir avec un-e ami-e ou coll\u00e8gue, veuillez leur demander de remplir ce m\u00eame questionnaire s\u00e9par\u00e9ment.\" required ><label class=\"wpforms-field-label-inline\" for=\"wpforms-33603-field_3_7\">Oui. je souhaite recevoir plusieurs invitations (conjoint-e, enfant-s). &gt; Les invitations sont nominatives. Veuillez lister tous les pr\u00e9nom et noms des personnes qui vous accompagnent ci-dessous.  Si vous souhaitez venir avec un-e ami-e ou coll\u00e8gue, veuillez leur demander de remplir ce m\u00eame questionnaire s\u00e9par\u00e9ment.<\/label><\/li><\/ul><\/div><div id=\"wpforms-33603-field_49-container\" class=\"wpforms-field wpforms-field-radio\" data-field-id=\"49\"><label class=\"wpforms-field-label\" for=\"wpforms-33603-field_49\">Titre (conjoint-e)<\/label><ul id=\"wpforms-33603-field_49\"><li class=\"choice-4 depth-1\"><input type=\"radio\" id=\"wpforms-33603-field_49_4\" name=\"wpforms[fields][49]\" value=\"Madame\"  ><label class=\"wpforms-field-label-inline\" for=\"wpforms-33603-field_49_4\">Madame<\/label><\/li><li class=\"choice-5 depth-1\"><input type=\"radio\" id=\"wpforms-33603-field_49_5\" name=\"wpforms[fields][49]\" value=\"Monsieur\"  ><label class=\"wpforms-field-label-inline\" for=\"wpforms-33603-field_49_5\">Monsieur<\/label><\/li><\/ul><\/div><div id=\"wpforms-33603-field_47-container\" class=\"wpforms-field wpforms-field-name\" data-field-id=\"47\"><label class=\"wpforms-field-label\" for=\"wpforms-33603-field_47\">Pr\u00e9nom (conjoint-e)<\/label><input type=\"text\" id=\"wpforms-33603-field_47\" class=\"wpforms-field-medium\" name=\"wpforms[fields][47]\" ><\/div><div id=\"wpforms-33603-field_48-container\" class=\"wpforms-field wpforms-field-name\" data-field-id=\"48\"><label class=\"wpforms-field-label\" for=\"wpforms-33603-field_48\">Nom (conjoint-e)<\/label><input type=\"text\" id=\"wpforms-33603-field_48\" class=\"wpforms-field-medium\" name=\"wpforms[fields][48]\" ><\/div><div id=\"wpforms-33603-field_50-container\" class=\"wpforms-field wpforms-field-name\" data-field-id=\"50\"><label class=\"wpforms-field-label\" for=\"wpforms-33603-field_50\">Pr\u00e9nom (enfant 1)<\/label><input type=\"text\" id=\"wpforms-33603-field_50\" class=\"wpforms-field-medium\" name=\"wpforms[fields][50]\" ><\/div><div id=\"wpforms-33603-field_52-container\" class=\"wpforms-field wpforms-field-name\" data-field-id=\"52\"><label class=\"wpforms-field-label\" for=\"wpforms-33603-field_52\">\u00c2ge (enfant 1) - si mineur<\/label><input type=\"text\" id=\"wpforms-33603-field_52\" class=\"wpforms-field-medium\" name=\"wpforms[fields][52]\" ><\/div><div id=\"wpforms-33603-field_51-container\" class=\"wpforms-field wpforms-field-name\" data-field-id=\"51\"><label class=\"wpforms-field-label\" for=\"wpforms-33603-field_51\">Pr\u00e9nom (enfant 2)<\/label><input type=\"text\" id=\"wpforms-33603-field_51\" class=\"wpforms-field-medium\" name=\"wpforms[fields][51]\" ><\/div><div id=\"wpforms-33603-field_53-container\" class=\"wpforms-field wpforms-field-name\" data-field-id=\"53\"><label class=\"wpforms-field-label\" for=\"wpforms-33603-field_53\">\u00c2ge (enfant 2) - si mineur<\/label><input type=\"text\" id=\"wpforms-33603-field_53\" class=\"wpforms-field-medium\" name=\"wpforms[fields][53]\" ><\/div><div id=\"wpforms-33603-field_54-container\" class=\"wpforms-field wpforms-field-name\" data-field-id=\"54\"><label class=\"wpforms-field-label\" for=\"wpforms-33603-field_54\">Pr\u00e9nom (enfant 3) <\/label><input type=\"text\" id=\"wpforms-33603-field_54\" class=\"wpforms-field-medium\" name=\"wpforms[fields][54]\" ><\/div><div id=\"wpforms-33603-field_55-container\" class=\"wpforms-field wpforms-field-name\" data-field-id=\"55\"><label class=\"wpforms-field-label\" for=\"wpforms-33603-field_55\">\u00c2ge (enfant 3)  si mineur<\/label><input type=\"text\" id=\"wpforms-33603-field_55\" class=\"wpforms-field-medium\" name=\"wpforms[fields][55]\" ><\/div><div id=\"wpforms-33603-field_2-container\" class=\"wpforms-field wpforms-field-textarea\" data-field-id=\"2\"><label class=\"wpforms-field-label\" for=\"wpforms-33603-field_2\">Commentaires<\/label><textarea id=\"wpforms-33603-field_2\" class=\"wpforms-field-medium\" name=\"wpforms[fields][2]\" ><\/textarea><\/div><div id=\"wpforms-33603-field_11-container\" class=\"wpforms-field wpforms-field-radio\" data-field-id=\"11\"><label class=\"wpforms-field-label\" for=\"wpforms-33603-field_11\">Comment avez-vous entendu parler de cet atelier? <span class=\"wpforms-required-label\">*<\/span><\/label><ul id=\"wpforms-33603-field_11\" class=\"wpforms-field-required\"><li class=\"choice-4 depth-1\"><input type=\"radio\" id=\"wpforms-33603-field_11_4\" name=\"wpforms[fields][11]\" value=\"Invitation directe de Maria\" required ><label class=\"wpforms-field-label-inline\" for=\"wpforms-33603-field_11_4\">Invitation directe de Maria<\/label><\/li><li class=\"choice-7 depth-1\"><input type=\"radio\" id=\"wpforms-33603-field_11_7\" name=\"wpforms[fields][11]\" value=\"Autre (veuillez sp\u00e9cifier dans les commentaires)\" required ><label class=\"wpforms-field-label-inline\" for=\"wpforms-33603-field_11_7\">Autre (veuillez sp\u00e9cifier dans les commentaires)<\/label><\/li><\/ul><\/div><div id=\"wpforms-33603-field_21-container\" class=\"wpforms-field wpforms-field-textarea\" data-field-id=\"21\"><label class=\"wpforms-field-label\" for=\"wpforms-33603-field_21\">Commentaires<\/label><textarea id=\"wpforms-33603-field_21\" class=\"wpforms-field-medium\" name=\"wpforms[fields][21]\" ><\/textarea><\/div><div id=\"wpforms-33603-field_56-container\" class=\"wpforms-field wpforms-field-radio\" data-field-id=\"56\"><label class=\"wpforms-field-label\" for=\"wpforms-33603-field_56\">J&#039;ai pris connaissance des conditions suivantes: Le paiement doit nous parvenir au plus tard le 12 avril 2023 et aucun remboursement ne sera possible apr\u00e8s le 14 avril 2023. <span class=\"wpforms-required-label\">*<\/span><\/label><ul id=\"wpforms-33603-field_56\" class=\"wpforms-field-required\"><li class=\"choice-4 depth-1\"><input type=\"radio\" id=\"wpforms-33603-field_56_4\" name=\"wpforms[fields][56]\" value=\"Oui, je confirme.\" required ><label class=\"wpforms-field-label-inline\" for=\"wpforms-33603-field_56_4\">Oui, je confirme.<\/label><\/li><\/ul><\/div><div id=\"wpforms-33603-field_28-container\" class=\"wpforms-field wpforms-field-radio\" data-field-id=\"28\"><label class=\"wpforms-field-label\" for=\"wpforms-33603-field_28\">Informations et newsletter <span class=\"wpforms-required-label\">*<\/span><\/label><ul id=\"wpforms-33603-field_28\" class=\"wpforms-field-required\"><li class=\"choice-4 depth-1\"><input type=\"radio\" id=\"wpforms-33603-field_28_4\" name=\"wpforms[fields][28]\" value=\"J&#039;accepte de m&#039;inscrire \u00e0 la newsletter de la Communaut\u00e9 des Citoyen-ne-s ForWaves pour notamment recevoir les nouvelles relatives \u00e0 cet \u00e9v\u00e9nement. Je peux me d\u00e9sinscrire \u00e0 tout moment.\" required ><label class=\"wpforms-field-label-inline\" for=\"wpforms-33603-field_28_4\">J'accepte de m'inscrire \u00e0 la newsletter de la Communaut\u00e9 des Citoyen-ne-s ForWaves pour notamment recevoir les nouvelles relatives \u00e0 cet \u00e9v\u00e9nement. Je peux me d\u00e9sinscrire \u00e0 tout moment.<\/label><\/li><\/ul><\/div><div id=\"wpforms-33603-field_32-container\" class=\"wpforms-field wpforms-field-textarea\" data-field-id=\"32\"><label class=\"wpforms-field-label\" for=\"wpforms-33603-field_32\">Commentaires<\/label><textarea id=\"wpforms-33603-field_32\" class=\"wpforms-field-medium\" name=\"wpforms[fields][32]\" ><\/textarea><\/div><\/div><!-- .wpforms-field-container --><div class=\"wpforms-submit-container\" ><input type=\"hidden\" name=\"wpforms[id]\" value=\"33603\"><input type=\"hidden\" name=\"wpforms[author]\" value=\"1\"><button type=\"submit\" name=\"wpforms[submit]\" id=\"wpforms-submit-33603\" class=\"wpforms-submit\" data-alt-text=\"Envoi en cours...\" data-submit-text=\"Envoyer ma demande\" aria-live=\"assertive\" value=\"wpforms-submit\">Envoyer ma demande<\/button><\/div><\/form><\/div>  <!-- .wpforms-container -->\n\t\t\t\t<\/div>\n\t\t\t<\/div><\/p>\n","protected":false},"author":1,"featured_media":0,"parent":0,"menu_order":0,"comment_status":"closed","ping_status":"closed","template":"page-template-blank.php","meta":{"_et_pb_use_builder":"on","_et_pb_old_content":"","_et_gb_content_width":"","footnotes":""},"_links":{"self":[{"href":"https:\/\/citizens.forwaves.com\/fr\/wp-json\/wp\/v2\/pages\/32983"}],"collection":[{"href":"https:\/\/citizens.forwaves.com\/fr\/wp-json\/wp\/v2\/pages"}],"about":[{"href":"https:\/\/citizens.forwaves.com\/fr\/wp-json\/wp\/v2\/types\/page"}],"author":[{"embeddable":true,"href":"https:\/\/citizens.forwaves.com\/fr\/wp-json\/wp\/v2\/users\/1"}],"replies":[{"embeddable":true,"href":"https:\/\/citizens.forwaves.com\/fr\/wp-json\/wp\/v2\/comments?post=32983"}],"version-history":[{"count":12,"href":"https:\/\/citizens.forwaves.com\/fr\/wp-json\/wp\/v2\/pages\/32983\/revisions"}],"predecessor-version":[{"id":34876,"href":"https:\/\/citizens.forwaves.com\/fr\/wp-json\/wp\/v2\/pages\/32983\/revisions\/34876"}],"wp:attachment":[{"href":"https:\/\/citizens.forwaves.com\/fr\/wp-json\/wp\/v2\/media?parent=32983"}],"curies":[{"name":"wp","href":"https:\/\/api.w.org\/{rel}","templated":true}]}}