{"id":33407,"date":"2022-11-02T16:54:50","date_gmt":"2022-11-02T15:54:50","guid":{"rendered":"https:\/\/citizens.forwaves.com\/?page_id=33407"},"modified":"2023-07-24T18:06:37","modified_gmt":"2023-07-24T16:06:37","slug":"initiative_tatjana_halte_merci","status":"publish","type":"page","link":"https:\/\/citizens.forwaves.com\/fr\/initiative_tatjana_halte_merci\/","title":{"rendered":"initiative_tatjana_halte_merci"},"content":{"rendered":"<p>[et_pb_section fb_built=\u00a0\u00bb1&Prime; _builder_version=\u00a0\u00bb3.25.4&Prime;][et_pb_row admin_label=\u00a0\u00bbCTA Button\u00a0\u00bb _builder_version=\u00a0\u00bb3.25.4&Prime; custom_padding=\u00a0\u00bb|||0px||\u00a0\u00bb][et_pb_column type=\u00a0\u00bb4_4&Prime; _builder_version=\u00a0\u00bb3.25&Prime; custom_padding=\u00a0\u00bb|||\u00a0\u00bb custom_padding__hover=\u00a0\u00bb|||\u00a0\u00bb][et_pb_image src=\u00a0\u00bbhttps:\/\/citizens.forwaves.com\/wp-content\/uploads\/2023\/07\/ForWaves_leadership_mentoring_program.webp\u00a0\u00bb title_text=\u00a0\u00bbForWaves_leadership_mentoring_program\u00a0\u00bb _builder_version=\u00a0\u00bb4.6.6&Prime; custom_padding=\u00a0\u00bb|||0px||\u00a0\u00bb hover_enabled=\u00a0\u00bb0&Prime; sticky_enabled=\u00a0\u00bb0&Prime;][\/et_pb_image][et_pb_text _builder_version=\u00a0\u00bb4.6.6&Prime; _module_preset=\u00a0\u00bbdefault\u00a0\u00bb custom_padding=\u00a0\u00bb68px|||||\u00a0\u00bb]<\/p>\n<h1 style=\"text-align: center;\"><span style=\"font-size: xx-large;\"><strong><span style=\"font-family: inherit;\">MERCI POUR VOTRE DEMANDE<br \/><\/span><\/strong><\/span><\/h1>\n<p>[\/et_pb_text][et_pb_text _builder_version=\u00a0\u00bb4.6.6&Prime; _module_preset=\u00a0\u00bbdefault\u00a0\u00bb custom_margin=\u00a0\u00bb5px|||||\u00a0\u00bb]<\/p>\n<h2 style=\"text-align: center;\">L&rsquo;\u00e9quipe de l&rsquo;Initiative Tatjana ou la Halte Spirtuelle vous contactera<\/h2>\n<h2 style=\"text-align: center;\">dans les plus brefs d\u00e9lais.<\/h2>\n<p>&nbsp;<\/p>\n<p>[\/et_pb_text][et_pb_image src=\u00a0\u00bbhttps:\/\/citizens.forwaves.com\/wp-content\/uploads\/2023\/07\/change-management.webp\u00a0\u00bb title_text=\u00a0\u00bbchange-management\u00a0\u00bb _builder_version=\u00a0\u00bb4.6.6&Prime; custom_margin=\u00a0\u00bb||3px|||\u00a0\u00bb hover_enabled=\u00a0\u00bb0&Prime; sticky_enabled=\u00a0\u00bb0&Prime;][\/et_pb_image][et_pb_text _builder_version=\u00a0\u00bb3.27.4&Prime; text_font=\u00a0\u00bb||||||||\u00a0\u00bb text_text_color=\u00a0\u00bb#000000&Prime; custom_padding=\u00a0\u00bb||0px|||\u00a0\u00bb]<\/p>\n<p style=\"text-align: right;\"><span style=\"color: #000000;\"><b><a href=\"https:\/\/fr.wikipedia.org\/wiki\/Copyright_(typographie)\" title=\"Copyright (typographie)\" style=\"color: #000000;\">\u00a9<\/a><\/b> Photo by Martin Drevermann <\/span><span style=\"color: #ffffff;\"><\/span><\/p>\n<p>[\/et_pb_text][\/et_pb_column][\/et_pb_row][\/et_pb_section][et_pb_section fb_built=\u00a0\u00bb1&Prime; _builder_version=\u00a0\u00bb4.6.6&Prime; background_color=\u00a0\u00bb#000000&Prime;][et_pb_row column_structure=\u00a0\u00bb2_5,3_5&Prime; _builder_version=\u00a0\u00bb3.25.4&Prime;][et_pb_column type=\u00a0\u00bb2_5&Prime; _builder_version=\u00a0\u00bb3.25.4&Prime;][et_pb_image src=\u00a0\u00bbhttps:\/\/citizens.forwaves.com\/wp-content\/uploads\/2023\/07\/Maria_N_Zarraga.webp\u00a0\u00bb title_text=\u00a0\u00bbMaria_N_Zarraga\u00a0\u00bb _builder_version=\u00a0\u00bb4.6.6&Prime; width=\u00a0\u00bb100%\u00a0\u00bb custom_padding=\u00a0\u00bb|46px||50px||\u00a0\u00bb hover_enabled=\u00a0\u00bb0&Prime; custom_css_main_element=\u00a0\u00bb.circle-image {||    border-radius: 50%;||    -moz-border-radius: 50%;||    -webkit-border-radius: 50%;||    -o-border-radius: 50%;||}\u00a0\u00bb sticky_enabled=\u00a0\u00bb0&Prime;][\/et_pb_image][\/et_pb_column][et_pb_column type=\u00a0\u00bb3_5&Prime; _builder_version=\u00a0\u00bb3.25.4&Prime;][et_pb_text _builder_version=\u00a0\u00bb3.27.4&Prime; text_font=\u00a0\u00bb||||||||\u00a0\u00bb text_text_color=\u00a0\u00bb#000000&Prime; custom_padding=\u00a0\u00bb|||13px||\u00a0\u00bb inline_fonts=\u00a0\u00bbRoboto\u00a0\u00bb]<\/p>\n<h1 data-gjs-type=\"default\" draggable=\"true\" id=\"iik0h3-2-2-2-2-2\" style=\"text-align: center;\"><span style=\"font-family: Roboto; font-weight: normal; color: #ffffff;\"><i data-gjs-type=\"text\" draggable=\"true\" style=\"transition: all .2s;\" id=\"ixv6v-2-2-4-2-2-2-2\">\u00ab\u00a0Mettez-vous en route. Prenez position pour vous-m\u00eame et pour la contribution unique qui est la v\u00f4tre, au travers de vos talents, de vos actions concr\u00e8tes et de votre engagement.\u00a0<\/i><\/span><\/h1>\n<p><span style=\"font-family: Roboto; font-weight: normal; color: #ffffff;\"><i data-gjs-type=\"text\" draggable=\"true\" style=\"transition: all .2s;\"><\/i><\/span><\/p>\n<p><span style=\"font-family: Roboto; font-weight: normal; color: #ffffff;\"><i data-gjs-type=\"text\" draggable=\"true\" style=\"transition: all .2s;\"><\/i><\/span><\/p>\n<h1 data-gjs-type=\"default\" draggable=\"true\" id=\"izj6ew-2-2-2-2-2\" style=\"text-align: center;\"><span style=\"font-weight: normal; color: #ffffff;\"><i data-gjs-type=\"text\" draggable=\"true\" style=\"transition: all .2s;\" id=\"ixv6v-2-2-3-2-2-2-2-2\"><span style=\"font-family: Roboto;\">Soyez le prochain humain qui aime vraiment son travail! Le monde vous attend!\u00a0\u00bb<\/span><\/i><\/span><\/h1>\n<h1 data-gjs-type=\"default\" draggable=\"true\" style=\"text-align: center;\"><strong><span style=\"color: #ffffff;\"><i data-gjs-type=\"text\" draggable=\"true\" style=\"transition: all .2s;\" id=\"ixv6v-2-2-3-2-2-2-2-2\"><span style=\"font-family: Roboto;\">&#8211;<\/span><\/i><\/span><span style=\"color: #ffffff;\"><i data-gjs-type=\"text\" draggable=\"true\" style=\"transition: all .2s;\" id=\"ixv6v-2-2-3-2-2-2-2-2\"><span style=\"font-family: Roboto;\"> Maria Zarraga<\/span><\/i><\/span><\/strong><span style=\"color: #ffffff;\"><i data-gjs-type=\"text\" draggable=\"true\" style=\"transition: all .2s;\" id=\"ixv6v-2-2-3-2-2-2-2-2\"> <\/i><\/span><\/h1>\n<p><span style=\"font-weight: normal; color: #ffffff;\"><i data-gjs-type=\"text\" draggable=\"true\" style=\"transition: all .2s;\"><span style=\"font-family: Roboto;\"><\/span><\/i><\/span><\/p>\n<p>[\/et_pb_text][\/et_pb_column][\/et_pb_row][\/et_pb_section][et_pb_section fb_built=\u00a0\u00bb1&Prime; admin_label=\u00a0\u00bbCoffee Menu\u00a0\u00bb _builder_version=\u00a0\u00bb4.6.6&Prime; background_color=\u00a0\u00bb#000000&Prime; custom_margin=\u00a0\u00bb-5px|||||\u00a0\u00bb custom_padding=\u00a0\u00bb8px||25px|||\u00a0\u00bb][et_pb_row column_structure=\u00a0\u00bb1_4,1_4,1_4,1_4&Prime; admin_label=\u00a0\u00bbCoffee items\u00a0\u00bb _builder_version=\u00a0\u00bb3.25.4&Prime; custom_margin=\u00a0\u00bb47px|auto|-149px|auto||\u00a0\u00bb custom_padding=\u00a0\u00bb0px|0px|0px|0px||\u00a0\u00bb][et_pb_column type=\u00a0\u00bb1_4&Prime; _builder_version=\u00a0\u00bb3.25.4&Prime;][et_pb_text _builder_version=\u00a0\u00bb3.27.4&Prime; custom_margin=\u00a0\u00bb2px|2px|-28px|-6px||\u00a0\u00bb custom_padding=\u00a0\u00bb6px|0px|0px|10px||\u00a0\u00bb]<\/p>\n<p><em><span style=\"color: #ffffff;\">[&#8230;] Le coaching de carri\u00e8re et de vie personnalis\u00e9 m\u2019a permis de regagner confiance en mes capacit\u00e9s et en moi-m\u00eame, et d\u2019\u00eatre \u00e0 pr\u00e9sent \u00e9panoui dans une activit\u00e9 qui correspond \u00e0 mes valeurs et \u00e0 mon projet de vie.\u201d <\/span><\/em><span style=\"color: #ffffff;\">&#8211; J.H.<i data-gjs-type=\"text\" draggable=\"true\" style=\"transition: all .2s;\" id=\"if4g6w-2-2-2-2-2-2-2\"><br \/><\/i><\/span><\/p>\n<p><span style=\"color: #ffffff;\"><\/span><\/p>\n<p><span style=\"color: #ffffff;\"><\/span><\/p>\n<p>[\/et_pb_text][\/et_pb_column][et_pb_column type=\u00a0\u00bb1_4&Prime; _builder_version=\u00a0\u00bb3.25.4&Prime;][et_pb_text _builder_version=\u00a0\u00bb3.27.4&Prime; width=\u00a0\u00bb100%\u00a0\u00bb custom_margin=\u00a0\u00bb8px|-42px|22px|4px||\u00a0\u00bb custom_padding=\u00a0\u00bb2px|0px||||\u00a0\u00bb]<\/p>\n<p><span style=\"color: #ffffff;\"><i data-gjs-type=\"text\" draggable=\"true\" style=\"transition: all .2s;\" id=\"ifhjq-2-2-2-2\">\u00a0\u00bb [&#8230;] Tout cela m\u2019a permis de pouvoir entreprendre s\u00e9rieusement divers cours, des recherches de mani\u00e8re efficace, et de me positionner parmi les candidats finalistes dans un tout autre secteur d\u2019activit\u00e9s.\u201d <\/i><\/span><span style=\"color: #ffffff;\"><i data-gjs-type=\"text\" draggable=\"true\" style=\"transition: all .2s;\" id=\"ifhjq-2-2-2-2\">&#8211;<\/i><span data-gjs-type=\"text\" draggable=\"true\" style=\"transition: all .2s;\" id=\"igtwwk-2\"> <\/span><span data-gjs-type=\"text\" draggable=\"true\" style=\"transition: all .2s;\" id=\"igtwwk-2-2-2-2-2\">Employ\u00e9, M\u00e9tier de l&rsquo;urgence<\/span><i data-gjs-type=\"text\" draggable=\"true\" style=\"transition: all .2s;\" id=\"ifhjq-2-2-2-2\"><br \/><\/i><\/span><\/p>\n<p>[\/et_pb_text][\/et_pb_column][et_pb_column type=\u00a0\u00bb1_4&Prime; _builder_version=\u00a0\u00bb3.25&Prime; custom_padding=\u00a0\u00bb|||\u00a0\u00bb custom_padding__hover=\u00a0\u00bb|||\u00a0\u00bb][et_pb_text _builder_version=\u00a0\u00bb3.27.4&Prime; custom_margin=\u00a0\u00bb1px|14px||3px||\u00a0\u00bb custom_padding=\u00a0\u00bb|0px||||\u00a0\u00bb]<\/p>\n<div data-gjs-type=\"default\" draggable=\"true\" id=\"i3k1xx-2-2\"><span data-gjs-type=\"text\" draggable=\"true\" style=\"transition: all 0.2s ease 0s; color: #ffffff;\" id=\"ipxodz-2-2-2-3-2\"><i data-gjs-type=\"text\" draggable=\"true\" style=\"transition: all .2s;\" id=\"i9k9wq-2-2-3-2-2-2-2-2\"><em><span style=\"color: #ffffff;\">\u00ab\u00a0Maria Zarraga vous aide \u00e0 vous poser les bonnes questions, \u00e0 mieux vous conna\u00eetre et \u00e0 d\u00e9finir les meilleures actions pour obtenir des r\u00e9sultats probants.<\/span><\/em><br \/><em><span style=\"color: #ffffff;\"> Le webinaire m&rsquo;a montr\u00e9 ces ingr\u00e9dients et m&rsquo;a appris quels outils utiliser. J&rsquo;ai ensuite \u00e9t\u00e9 en mesure de diriger mes efforts plus efficacement pour mener \u00e0 bien ma prochaine \u00e9tape de carri\u00e8re.\u00a0\u00bb F.C<\/span><\/em><\/i><i data-gjs-type=\"text\" draggable=\"true\" style=\"transition: all .2s;\" id=\"i9k9wq-2-2-2-2-2-2-2-2-2\">.<br \/><\/i><\/span><\/div>\n<p><span data-gjs-type=\"text\" draggable=\"true\" style=\"transition: all 0.2s ease 0s; color: #89d3ce;\" id=\"i26tsb-2-2-2-2-2-2-2\"><span data-gjs-type=\"text\" draggable=\"true\" style=\"transition: all .2s;\" id=\"i26tsb-2-2-2-2-2-2-2-2\"><span data-gjs-type=\"text\" draggable=\"true\" style=\"transition: all .2s;\" id=\"ijwhvn-2-2-2-2-2-6\"><em data-gjs-type=\"text\" draggable=\"true\" style=\"transition: all .2s;\" id=\"iio995\"><\/em><\/span><\/span><\/span><\/p>\n<p>[\/et_pb_text][\/et_pb_column][et_pb_column type=\u00a0\u00bb1_4&Prime; _builder_version=\u00a0\u00bb3.25&Prime; custom_padding=\u00a0\u00bb|||\u00a0\u00bb custom_padding__hover=\u00a0\u00bb|||\u00a0\u00bb][et_pb_text _builder_version=\u00a0\u00bb4.6.6&Prime; _module_preset=\u00a0\u00bbdefault\u00a0\u00bb custom_margin=\u00a0\u00bb|-12px||4px||\u00a0\u00bb]<\/p>\n<p><em><span style=\"color: #ffffff;\"><\/span><\/em><span data-gjs-type=\"text\" draggable=\"true\" style=\"transition: all 0.2s ease 0s; color: #ffffff;\" id=\"ipxodz-2-2-2-3-2\"><i data-gjs-type=\"text\" draggable=\"true\" style=\"transition: all .2s;\" id=\"i9k9wq-2-2-3-2-2-2-2-2\">\u00ab\u00a0<\/i><i data-gjs-type=\"text\" draggable=\"true\" style=\"transition: all .2s;\" id=\"i9k9wq-2-2-2-2-2-2-2-2-2\"><em data-gjs-type=\"text\" draggable=\"true\" style=\"transition: all .2s;\" id=\"iwec4-2-2-2-2-2-2\"><em data-gjs-type=\"text\" draggable=\"true\" style=\"transition: all .2s;\" id=\"iydw3-2-2-2-2-2-2\">J\u2019ai maintenant chang\u00e9 d\u2019orientation professionnelle dans une toute nouvelle profession. Je suis reparti de z\u00e9ro. J\u2019ai trouv\u00e9 un emploi qui m\u2019a permis de tirer parti \u00e0 la fois de mon exp\u00e9rience et de mon expertise pass\u00e9es, et de ma reconversion professionnelle.<\/em><\/em>\u00a0\u00bb &#8211; <\/i>R.L., PhD<\/span><em><span style=\"color: #ffffff;\"><\/span><\/em><\/p>\n<p>[\/et_pb_text][\/et_pb_column][\/et_pb_row][et_pb_row _builder_version=\u00a0\u00bb3.25.4&Prime;][et_pb_column type=\u00a0\u00bb4_4&Prime; _builder_version=\u00a0\u00bb3.25.4&Prime;][et_pb_text _builder_version=\u00a0\u00bb4.6.6&Prime; custom_margin=\u00a0\u00bb172px|||||\u00a0\u00bb]<\/p>\n<p style=\"text-align: center;\"><span style=\"color: #ffffff;\">Copyright \u00a9 2023 <span data-gjs-type=\"text\" draggable=\"true\" style=\"transition: all .2s;\" id=\"ih5ge1\">ForWaves Consulting Sarl &#8211; Tous droits r\u00e9serv\u00e9s<\/span><\/span><\/p>\n<p>[\/et_pb_text][\/et_pb_column][\/et_pb_row][\/et_pb_section]<\/p>\n","protected":false},"excerpt":{"rendered":"<p>MERCI POUR VOTRE DEMANDEL&rsquo;\u00e9quipe de l&rsquo;Initiative Tatjana ou la Halte Spirtuelle vous contactera dans les plus brefs d\u00e9lais. &nbsp;\u00a9 Photo by Martin Drevermann \u00ab\u00a0Mettez-vous en route. Prenez position pour vous-m\u00eame et pour la contribution unique qui est la v\u00f4tre, au travers de vos talents, de vos actions concr\u00e8tes et de votre engagement.\u00a0 Soyez le prochain [&hellip;]<\/p>\n","protected":false},"author":1,"featured_media":0,"parent":0,"menu_order":0,"comment_status":"closed","ping_status":"closed","template":"page-template-blank.php","meta":{"_et_pb_use_builder":"on","_et_pb_old_content":"","_et_gb_content_width":"","footnotes":""},"_links":{"self":[{"href":"https:\/\/citizens.forwaves.com\/fr\/wp-json\/wp\/v2\/pages\/33407"}],"collection":[{"href":"https:\/\/citizens.forwaves.com\/fr\/wp-json\/wp\/v2\/pages"}],"about":[{"href":"https:\/\/citizens.forwaves.com\/fr\/wp-json\/wp\/v2\/types\/page"}],"author":[{"embeddable":true,"href":"https:\/\/citizens.forwaves.com\/fr\/wp-json\/wp\/v2\/users\/1"}],"replies":[{"embeddable":true,"href":"https:\/\/citizens.forwaves.com\/fr\/wp-json\/wp\/v2\/comments?post=33407"}],"version-history":[{"count":4,"href":"https:\/\/citizens.forwaves.com\/fr\/wp-json\/wp\/v2\/pages\/33407\/revisions"}],"predecessor-version":[{"id":34836,"href":"https:\/\/citizens.forwaves.com\/fr\/wp-json\/wp\/v2\/pages\/33407\/revisions\/34836"}],"wp:attachment":[{"href":"https:\/\/citizens.forwaves.com\/fr\/wp-json\/wp\/v2\/media?parent=33407"}],"curies":[{"name":"wp","href":"https:\/\/api.w.org\/{rel}","templated":true}]}}