{"id":35330,"date":"2023-08-14T10:11:34","date_gmt":"2023-08-14T08:11:34","guid":{"rendered":"https:\/\/citizens.forwaves.com\/?page_id=35330"},"modified":"2025-10-09T12:11:24","modified_gmt":"2025-10-09T10:11:24","slug":"tatjana-initiative-dons","status":"publish","type":"page","link":"https:\/\/citizens.forwaves.com\/fr\/tatjana-initiative-dons\/","title":{"rendered":"Initiative Tatjana &#8211; faire un don"},"content":{"rendered":"<p>[et_pb_section fb_built=\u00a0\u00bb1&Prime; _builder_version=\u00a0\u00bb4.16&Prime; custom_margin=\u00a0\u00bb||-3px|||\u00a0\u00bb custom_padding=\u00a0\u00bb||4px|||\u00a0\u00bb global_colors_info=\u00a0\u00bb{}\u00a0\u00bb][et_pb_row admin_label=\u00a0\u00bbCTA Button\u00a0\u00bb _builder_version=\u00a0\u00bb4.16&Prime; global_colors_info=\u00a0\u00bb{}\u00a0\u00bb][et_pb_column type=\u00a0\u00bb4_4&Prime; _builder_version=\u00a0\u00bb4.16&Prime; custom_padding=\u00a0\u00bb|||\u00a0\u00bb global_colors_info=\u00a0\u00bb{}\u00a0\u00bb custom_padding__hover=\u00a0\u00bb|||\u00a0\u00bb][et_pb_image src=\u00a0\u00bbhttps:\/\/citizens.forwaves.com\/wp-content\/uploads\/2023\/07\/ForWaves_leadership_mentoring_program.webp\u00a0\u00bb title_text=\u00a0\u00bbProgramme de mentorat pour les dirigeants de ForWaves\u00a0\u00bb _builder_version=\u00a0\u00bb4.16&Prime; global_colors_info=\u00a0\u00bb{}\u00a0\u00bb][\/et_pb_image][et_pb_text admin_label=\u00a0\u00bbTittle\u00a0\u00bb _builder_version=\u00a0\u00bb4.24.3&Prime; global_colors_info=\u00a0\u00bb{}\u00a0\u00bb hover_enabled=\u00a0\u00bb0&Prime; sticky_enabled=\u00a0\u00bb0&Prime;]<\/p>\n<h1 style=\"text-align: center;\">Initiative Tatjana &#8211; faire un don<\/h1>\n<h1 style=\"text-align: center;\"><\/h1>\n<p>[\/et_pb_text][\/et_pb_column][\/et_pb_row][\/et_pb_section][et_pb_section fb_built=\u00a0\u00bb1&Prime; _builder_version=\u00a0\u00bb4.16&Prime; custom_padding=\u00a0\u00bb0px||0px|||\u00a0\u00bb global_colors_info=\u00a0\u00bb{}\u00a0\u00bb][et_pb_row column_structure=\u00a0\u00bb1_4,3_4&Prime; _builder_version=\u00a0\u00bb4.16&Prime; _module_preset=\u00a0\u00bbdefault\u00a0\u00bb global_colors_info=\u00a0\u00bb{}\u00a0\u00bb][et_pb_column type=\u00a0\u00bb1_4&Prime; _builder_version=\u00a0\u00bb4.16&Prime; _module_preset=\u00a0\u00bbdefault\u00a0\u00bb global_colors_info=\u00a0\u00bb{}\u00a0\u00bb][et_pb_image src=\u00a0\u00bbhttps:\/\/citizens.forwaves.com\/wp-content\/uploads\/2023\/07\/Tatjana-Initiative.jpg\u00a0\u00bb title_text=\u00a0\u00bbInitiative Tatjana\u00a0\u00bb _builder_version=\u00a0\u00bb4.16&Prime; _module_preset=\u00a0\u00bbdefault\u00a0\u00bb global_colors_info=\u00a0\u00bb{}\u00a0\u00bb][\/et_pb_image][\/et_pb_column][et_pb_column type=\u00a0\u00bb3_4&Prime; _builder_version=\u00a0\u00bb4.16&Prime; _module_preset=\u00a0\u00bbdefault\u00a0\u00bb global_colors_info=\u00a0\u00bb{}\u00a0\u00bb][et_pb_text admin_label=\u00a0\u00bbTittle\u00a0\u00bb _builder_version=\u00a0\u00bb4.24.3&Prime; inline_fonts=\u00a0\u00bbRoboto\u00a0\u00bb global_colors_info=\u00a0\u00bb{}\u00a0\u00bb _module_preset=\u00a0\u00bb383e45c8-a176-4742-9b3b-e7dc79f3188d\u00a0\u00bb hover_enabled=\u00a0\u00bb0&Prime; sticky_enabled=\u00a0\u00bb0&Prime;]<\/p>\n<h2>Qu&rsquo;est-ce que l&rsquo;initiative Tatjana ?<br \/><\/h2>\n<p>[\/et_pb_text][et_pb_text admin_label=\u00a0\u00bbTittle\u00a0\u00bb _builder_version=\u00a0\u00bb4.16&Prime; inline_fonts=\u00a0\u00bbRoboto\u00a0\u00bb global_colors_info=\u00a0\u00bb{}\u00a0\u00bb]<\/p>\n<p style=\"text-align: justify;\"><span style=\"font-family: Roboto; font-weight: normal;\">L&rsquo;Initiative Tatjana est une initiative de solidarit\u00e9 qui s&rsquo;adresse notamment aux personnes actuellement sans emploi et confront\u00e9es \u00e0 des difficult\u00e9s financi\u00e8res et d&rsquo;insertion professionnelle. Ces personnes ont souvent un parcours professionnel et personnel riche. Elles n&rsquo;ont besoin que d&rsquo;un coup de pouce et d&rsquo;un accompagnement professionnel de qualit\u00e9 et innovant, bas\u00e9 sur un syst\u00e8me \u00e9prouv\u00e9. Cela leur permet de faire profiter la soci\u00e9t\u00e9 de leurs talents, alors que toutes les portes leur semblaient ferm\u00e9es, et ce malgr\u00e9 les diff\u00e9rentes mesures qu&rsquo;elles ont entreprises et\/ou dont elles ont b\u00e9n\u00e9fici\u00e9. Nos participants, en particulier les plus de 50 ans, connaissent parfois <strong>une forme de pauvret\u00e9 souvent cach\u00e9e<\/strong> dans les pays d\u00e9velopp\u00e9s.    <\/span><\/p>\n<p style=\"text-align: justify;\"><span style=\"font-family: Roboto; font-weight: normal;\"><span style=\"color: #34a7ae;\"><strong>Comment est n\u00e9e l&rsquo;initiative ? En hommage \u00e0 Tatjana. <\/strong><\/span><\/span><span style=\"font-family: Roboto; font-weight: normal;\"><br \/><\/span><\/p>\n<p style=\"text-align: justify;\"><span style=\"font-family: Roboto; font-weight: normal;\">D\u00e8s la cr\u00e9ation de l&rsquo;entreprise,<strong> <\/strong>Maria Zarraga, directrice g\u00e9n\u00e9rale de ForWaves\u00ae, a inclus des \u00a0\u00bb activit\u00e9s de gratitude \u00a0\u00bb (p.ex. aide \u00e0 la recherche d&#8217;emploi, projets d&rsquo;aide au d\u00e9veloppement en partenariat avec une agence sp\u00e9cialis\u00e9e des Nations Unies, ou conf\u00e9rences locales et internationales) dans le but de rendre les services de l&rsquo;entreprise accessibles au plus grand nombre. Maria a une grande exp\u00e9rience dans le domaine de l&rsquo;insertion professionnelle, tant au niveau local qu&rsquo;international, et participe r\u00e9guli\u00e8rement \u00e0 des mesures d&rsquo;insertion professionnelle en Suisse. Les activit\u00e9s de gratitude ont \u00e9t\u00e9 rebaptis\u00e9es \u00a0\u00bb Initiative Tatjana \u00ab\u00a0, en hommage \u00e0 la m\u00e8re de Maria, Tatjana. <strong>N\u00e9e dans un camp de r\u00e9fugi\u00e9s, Tatjana s&rsquo;est toujours engag\u00e9e en faveur de l&rsquo;inclusion et de la diversit\u00e9<\/strong>. Les b\u00e9n\u00e9ficiaires de l&rsquo;initiative ont exprim\u00e9 leur profonde gratitude, notamment pour avoir pu b\u00e9n\u00e9ficier d&rsquo;un travail qui continue \u00e0 <strong>\u00a0\u00bb faire vivre \u00a0\u00bb Tatjana et sa bienveillance \u00e0 l&rsquo;\u00e9gard des plus d\u00e9munis.<\/strong>  <\/span><span style=\"font-family: Roboto; font-weight: normal;\"><\/span><\/p>\n<p style=\"text-align: justify;\"><span style=\"color: #34a7ae;\"><strong><span style=\"font-family: Roboto;\">\u00c0 quoi sert l&rsquo;initiative ?<br \/><\/span><\/strong><\/span><\/p>\n<p style=\"text-align: justify;\"><span style=\"font-family: Roboto; font-weight: normal;\">L&rsquo;Initiative Tatjana est une initiative de solidarit\u00e9 dans laquelle l&rsquo;entreprise et ses donateurs collaborent pour permettre \u00e0 des personnes en difficult\u00e9 ou \u00e0 des programmes \u00e0 budget limit\u00e9 de b\u00e9n\u00e9ficier de services haut de gamme, les sortant parfois de situations complexes et permettant \u00e0 la soci\u00e9t\u00e9 de b\u00e9n\u00e9ficier de leurs talents\/interventions. <\/span><\/p>\n<p style=\"text-align: justify;\"><strong><span style=\"font-family: Roboto; color: #34a7ae;\">How can I contribute?<br \/><\/span><\/strong><\/p>\n<p style=\"text-align: justify;\"><span style=\"font-size: large;\"><span style=\"font-family: Roboto; color: #34a7ae;\"><span style=\"color: #34a7ae;\"><span style=\"color: #666666;\">1. Vous pouvez faire un don en utilisant la facture QR en bas de page si vous le souhaitez.<\/span><\/span><\/span><\/span><span style=\"font-size: large;\"><span style=\"font-family: Roboto; color: #34a7ae;\"><span style=\"color: #34a7ae;\"><span style=\"color: #666666;\"><\/span><\/span><\/span><\/span><span style=\"font-size: large;\"><span style=\"font-family: Roboto; color: #34a7ae;\"><span style=\"color: #34a7ae;\"><span style=\"color: #666666;\"><\/span><\/span><\/span><\/span><\/p>\n<p style=\"text-align: justify;\"><span style=\"font-size: large;\"><span style=\"font-family: Roboto; color: #34a7ae;\"><span style=\"color: #34a7ae;\"><span style=\"color: #666666;\">2. Gr\u00e2ce \u00e0 votre participation \u00e0 l&rsquo;une de nos \u00ab\u00a0soir\u00e9es de soutien \u00e0 l&rsquo;initiative Tatjana\u00a0\u00bb, l&rsquo;int\u00e9gralit\u00e9 des recettes est revers\u00e9e au financement de cette initiative de solidarit\u00e9. Tenez-vous au courant de nos prochains \u00e9v\u00e9nements en vous inscrivant \u00e0 la <a href=\"https:\/\/citizens.forwaves.com\/fr\/\"> lettre d&rsquo;information<\/a> <a href=\"https:\/\/citizens.forwaves.com\/fr\/\"><span style=\"color: #34a7ae;\"> <\/span><\/a>en bas de la page d&rsquo;accueil de ce site.<br \/><\/span><\/span><\/span><\/span><\/p>\n<p style=\"text-align: justify;\"><span style=\"font-size: large;\"><span style=\"font-family: Roboto; color: #34a7ae;\"><span style=\"color: #34a7ae;\"><span style=\"color: #666666;\">3. Nous vous encourageons \u00e9galement \u00e0 \u00e0 faire passer le message et \u00e0 participer aux \u00e9v\u00e9nements de l&rsquo;Initiative Tatjanacon\u00e7us pour servir les personnes qui veulent \u00a0\u00bb cr\u00e9er de nouvelles vagues pour un monde meilleur \u00ab\u00a0. Les leaders d&rsquo;impact et les leaders de demain (y compris les g\u00e9n\u00e9rations Y et Z) cherchent constamment \u00e0 se d\u00e9velopper. <strong>Nos \u00e9v\u00e9nements gratuits ou \u00e0 faible investissement nous permettent de servir plus de personnes et d&rsquo;avoir un plus grand impact sur la soci\u00e9t\u00e9. Les personnes dans le besoin peuvent b\u00e9n\u00e9ficier d&rsquo;un soutien financier suppl\u00e9mentaire gr\u00e2ce \u00e0 l&rsquo;Initiative Tatjana. <\/strong><br \/><\/span><\/span><\/span><\/span><\/p>\n<p style=\"text-align: justify;\"><span style=\"font-size: large;\"><span style=\"font-family: Roboto; color: #34a7ae;\"><span style=\"color: #34a7ae;\"><span style=\"color: #666666;\"><strong>4.  <\/strong><\/span><\/span><\/span><span style=\"font-family: Roboto; color: #34a7ae;\"><span style=\"color: #34a7ae;\"><span style=\"color: #666666;\">4. Faire undon selon le mod\u00e8le \u00a0\u00bb Pay it forward \u00ab\u00a0: par exemple, si vous souhaitez participer \u00e0 nos \u00e9v\u00e9nements, et que vous avez les moyens d&rsquo;investir dans ces formations \u00e0 hauteur de leur valeur r\u00e9elle, vous pouvez faire un geste de solidarit\u00e9 en faisant un don. Ce type de don est similaire au fait d&rsquo;aller dans un caf\u00e9 (\u00a0\u00bb caf\u00e9 suspendu \u00ab\u00a0), de payer son caf\u00e9 et d&rsquo;en offrir un \u00e0 l&rsquo;avance \u00e0 quelqu&rsquo;un qui n&rsquo;a pas les moyens de se l&rsquo;offrir. <\/span><\/span><\/span><\/span><\/p>\n<p style=\"text-align: justify;\"><span style=\"font-family: Roboto; color: #34a7ae;\"><span style=\"font-family: Roboto;\"><strong><\/strong><\/span><\/span><\/p>\n<p style=\"text-align: justify;\"><span style=\"font-family: Roboto; color: #34a7ae;\"><span style=\"font-family: Roboto;\"><strong>Quels sont les prochains \u00e9v\u00e9nements organis\u00e9s dans le cadre de l&rsquo;initiative Tatjana ?<\/strong><\/span><\/span><\/p>\n<ul>\n<li style=\"text-align: justify;\"><span style=\"font-family: Roboto; color: #666666;\">WEBINAIRE GRATUIT : R\u00e9guli\u00e8rement, la communaut\u00e9 ForWaves Citizens se r\u00e9unit en ligne pour un webinaire gratuit sur le travail utile et la r\u00e9silience. <a href=\"https:\/\/citizens.forwaves.com\/fr\/webinaire-gratuit\/\">R\u00e9servez votre place<\/a><strong><a href=\"https:\/\/citizens.forwaves.com\/career_purpose_resilience_fr\/\"><span style=\"color: #34a7ae;\"><em><span style=\"font-family: Roboto;\"><span style=\"text-decoration: underline;\"><\/span><\/span><\/em><\/span><\/a><\/strong><\/span><strong><span style=\"font-family: Roboto; color: #666666;\"><span style=\"color: #34a7ae;\"><em><span style=\"font-family: Roboto;\"><span style=\"text-decoration: underline;\"><\/span><\/span><\/em><\/span><\/span><\/strong><\/li>\n<li style=\"text-align: justify;\"><span style=\"font-family: Roboto; color: #34a7ae;\"><span style=\"color: #34a7ae;\"><span style=\"color: #666666;\">ATELIER : Un week-end de retraite et d&rsquo;atelier hybride sur les \u00a0\u00bb Secrets de communication des leaders de demain \u00a0\u00bb aura lieu dans un lieu magnifique les 25 et\/ou 26 novembre 2023. <a href=\"https:\/\/citizens.forwaves.com\/leaders-communication\/\"><span style=\"text-decoration: underline; color: #34a7ae;\">En savoir plus<\/span><\/a><br \/><\/span><\/span><\/span><\/li>\n<\/ul>\n<p style=\"text-align: left;\"><span style=\"font-family: Roboto; font-weight: normal;\"><\/span><\/p>\n<p>&nbsp;<\/p>\n<p>[\/et_pb_text][\/et_pb_column][\/et_pb_row][et_pb_row column_structure=\u00a0\u00bb1_4,3_4&Prime; _builder_version=\u00a0\u00bb4.16&Prime; _module_preset=\u00a0\u00bbdefault\u00a0\u00bb custom_padding=\u00a0\u00bb||1px|||\u00a0\u00bb global_colors_info=\u00a0\u00bb{}\u00a0\u00bb][et_pb_column type=\u00a0\u00bb1_4&Prime; _builder_version=\u00a0\u00bb4.16&Prime; _module_preset=\u00a0\u00bbdefault\u00a0\u00bb global_colors_info=\u00a0\u00bb{}\u00a0\u00bb][et_pb_image src=\u00a0\u00bbhttps:\/\/citizens.forwaves.com\/wp-content\/uploads\/2023\/07\/change-management.jpg\u00a0\u00bb title_text=\u00a0\u00bbchange-management\u00a0\u00bb _builder_version=\u00a0\u00bb4.16&Prime; _module_preset=\u00a0\u00bbdefault\u00a0\u00bb global_colors_info=\u00a0\u00bb{}\u00a0\u00bb][\/et_pb_image][\/et_pb_column][et_pb_column type=\u00a0\u00bb3_4&Prime; _builder_version=\u00a0\u00bb4.16&Prime; _module_preset=\u00a0\u00bbdefault\u00a0\u00bb global_colors_info=\u00a0\u00bb{}\u00a0\u00bb][et_pb_text admin_label=\u00a0\u00bbTittle\u00a0\u00bb _builder_version=\u00a0\u00bb4.16&Prime; inline_fonts=\u00a0\u00bbRoboto\u00a0\u00bb global_colors_info=\u00a0\u00bb{}\u00a0\u00bb]<\/p>\n<p><span style=\"color: #34a7ae; font-size: x-large;\"><strong>Si vous souhaitez faire un don \u00e0 l&rsquo;Initiative Tatjana, veuillez effectuer un paiement \u00e0 l&rsquo;aide de la facture QR et vous inscrire en tant que donateur ci-dessous :<br \/><\/strong><\/span><\/p>\n<p><span style=\"font-size: x-large;\">\u2764\ufe0f Merci pour votre g\u00e9n\u00e9rosit\u00e9. <\/span><\/p>\n<p><span style=\"font-size: x-large;\"><strong>Aucun montant n&rsquo;est trop petit !<\/strong><\/span><\/p>\n<p><strong><span style=\"color: #34a7ae;\"> <\/span><\/strong><\/p>\n<p>&nbsp;<\/p>\n<div data-gjs-type=\"text\" fontsize=\"20\" toppadding=\"1\" bottompadding=\"10\" paddingleftright=\"10\" class=\"m-14 text-left\"><\/div>\n<div data-gjs-type=\"text\" fontsize=\"20\" toppadding=\"1\" bottompadding=\"10\" paddingleftright=\"10\" class=\"m-14 text-left\"><\/div>\n<div data-gjs-type=\"text\" fontsize=\"20\" toppadding=\"1\" bottompadding=\"10\" paddingleftright=\"10\" class=\"m-14 text-left\"><\/div>\n<div id=\"ivxv3q\" fontsize=\"24\" topmargin=\"20\" bottommargin=\"20\">\n<div data-gjs-type=\"button\" id=\"iefnhl\">\n<div id=\"iiqam5\"><\/div>\n<\/div>\n<\/div>\n<p>[\/et_pb_text][\/et_pb_column][\/et_pb_row][et_pb_row _builder_version=\u00a0\u00bb4.16&Prime; _module_preset=\u00a0\u00bbdefault\u00a0\u00bb custom_padding=\u00a0\u00bb2px||3px|||\u00a0\u00bb global_colors_info=\u00a0\u00bb{}\u00a0\u00bb][et_pb_column type=\u00a0\u00bb4_4&Prime; _builder_version=\u00a0\u00bb4.16&Prime; _module_preset=\u00a0\u00bbdefault\u00a0\u00bb global_colors_info=\u00a0\u00bb{}\u00a0\u00bb][et_pb_image src=\u00a0\u00bbhttps:\/\/citizens.forwaves.com\/wp-content\/uploads\/2023\/07\/Facture-QR_Initiative-Tatjana.webp\u00a0\u00bb title_text=\u00a0\u00bbFacture-QR_Initiative-Tatjana\u00a0\u00bb _builder_version=\u00a0\u00bb4.16&Prime; _module_preset=\u00a0\u00bbdefault\u00a0\u00bb global_colors_info=\u00a0\u00bb{}\u00a0\u00bb][\/et_pb_image][\/et_pb_column][\/et_pb_row][et_pb_row _builder_version=\u00a0\u00bb4.16&Prime; _module_preset=\u00a0\u00bbdefault\u00a0\u00bb global_colors_info=\u00a0\u00bb{}\u00a0\u00bb][et_pb_column type=\u00a0\u00bb4_4&Prime; _builder_version=\u00a0\u00bb4.16&Prime; _module_preset=\u00a0\u00bbdefault\u00a0\u00bb global_colors_info=\u00a0\u00bb{}\u00a0\u00bb][wpforms_selector form_id=\u00a0\u00bb35298&Prime; _builder_version=\u00a0\u00bb4.6.6&Prime; _module_preset=\u00a0\u00bbdefault\u00a0\u00bb global_colors_info=\u00a0\u00bb{}\u00a0\u00bb][\/wpforms_selector][\/et_pb_column][\/et_pb_row][\/et_pb_section][et_pb_section fb_built=\u00a0\u00bb1&Prime; _builder_version=\u00a0\u00bb4.16&Prime; _module_preset=\u00a0\u00bbdefault\u00a0\u00bb custom_padding=\u00a0\u00bb0px||2px|||\u00a0\u00bb global_colors_info=\u00a0\u00bb{}\u00a0\u00bb][et_pb_row _builder_version=\u00a0\u00bb4.16&Prime; _module_preset=\u00a0\u00bbdefault\u00a0\u00bb global_colors_info=\u00a0\u00bb{}\u00a0\u00bb][et_pb_column type=\u00a0\u00bb4_4&Prime; _builder_version=\u00a0\u00bb4.16&Prime; _module_preset=\u00a0\u00bbdefault\u00a0\u00bb global_colors_info=\u00a0\u00bb{}\u00a0\u00bb][et_pb_image src=\u00a0\u00bbhttps:\/\/citizens.forwaves.com\/wp-content\/uploads\/2023\/07\/top-executive-leadership-training-program.webp\u00a0\u00bb alt=\u00a0\u00bbWave with quote &#039;Create New Waves! &#8211; Maria Zarraga&#039; \u00a0\u00bb title_text=\u00a0\u00bbtop-executive-leadership-training-program\u00a0\u00bb _builder_version=\u00a0\u00bb4.16&Prime; _module_preset=\u00a0\u00bbdefault\u00a0\u00bb global_colors_info=\u00a0\u00bb{}\u00a0\u00bb][\/et_pb_image][et_pb_text _builder_version=\u00a0\u00bb4.16&Prime; _module_preset=\u00a0\u00bbdefault\u00a0\u00bb global_colors_info=\u00a0\u00bb{}\u00a0\u00bb]<\/p>\n<h6 style=\"text-align: center;\">Copyright \u00a9 2023 ForWaves Consulting Sarl &#8211; Tous droits r\u00e9serv\u00e9s<\/h6>\n<p>[\/et_pb_text][\/et_pb_column][\/et_pb_row][\/et_pb_section]<\/p>\n","protected":false},"excerpt":{"rendered":"<p>Initiative Tatjana &#8211; faire un don Qu&rsquo;est-ce que l&rsquo;initiative Tatjana ?L&rsquo;Initiative Tatjana est une initiative de solidarit\u00e9 qui s&rsquo;adresse notamment aux personnes actuellement sans emploi et confront\u00e9es \u00e0 des difficult\u00e9s financi\u00e8res et d&rsquo;insertion professionnelle. Ces personnes ont souvent un parcours professionnel et personnel riche. Elles n&rsquo;ont besoin que d&rsquo;un coup de pouce et d&rsquo;un accompagnement [&hellip;]<\/p>\n","protected":false},"author":1,"featured_media":0,"parent":0,"menu_order":0,"comment_status":"closed","ping_status":"closed","template":"","meta":{"_et_pb_use_builder":"on","_et_pb_old_content":"","_et_gb_content_width":"","footnotes":""},"_links":{"self":[{"href":"https:\/\/citizens.forwaves.com\/fr\/wp-json\/wp\/v2\/pages\/35330"}],"collection":[{"href":"https:\/\/citizens.forwaves.com\/fr\/wp-json\/wp\/v2\/pages"}],"about":[{"href":"https:\/\/citizens.forwaves.com\/fr\/wp-json\/wp\/v2\/types\/page"}],"author":[{"embeddable":true,"href":"https:\/\/citizens.forwaves.com\/fr\/wp-json\/wp\/v2\/users\/1"}],"replies":[{"embeddable":true,"href":"https:\/\/citizens.forwaves.com\/fr\/wp-json\/wp\/v2\/comments?post=35330"}],"version-history":[{"count":9,"href":"https:\/\/citizens.forwaves.com\/fr\/wp-json\/wp\/v2\/pages\/35330\/revisions"}],"predecessor-version":[{"id":49721,"href":"https:\/\/citizens.forwaves.com\/fr\/wp-json\/wp\/v2\/pages\/35330\/revisions\/49721"}],"wp:attachment":[{"href":"https:\/\/citizens.forwaves.com\/fr\/wp-json\/wp\/v2\/media?parent=35330"}],"curies":[{"name":"wp","href":"https:\/\/api.w.org\/{rel}","templated":true}]}}