{"id":35466,"date":"2023-08-21T00:15:40","date_gmt":"2023-08-20T22:15:40","guid":{"rendered":"https:\/\/citizens.forwaves.com\/?page_id=35466"},"modified":"2023-08-21T00:23:43","modified_gmt":"2023-08-20T22:23:43","slug":"affiliate_signup_form_fr","status":"publish","type":"page","link":"https:\/\/citizens.forwaves.com\/fr\/affiliate_signup_form_fr\/","title":{"rendered":"Affiliate Signup Form_FR"},"content":{"rendered":"<p>[et_pb_section fb_built=\u00a0\u00bb1&Prime; admin_label=\u00a0\u00bbsection\u00a0\u00bb _builder_version=\u00a0\u00bb4.6.6&Prime; background_color=\u00a0\u00bb#ffffff\u00a0\u00bb custom_margin=\u00a0\u00bb||-6px|||\u00a0\u00bb custom_padding=\u00a0\u00bb0px||2px|||\u00a0\u00bb transparent_background=\u00a0\u00bboff\u00a0\u00bb make_fullwidth=\u00a0\u00bboff\u00a0\u00bb use_custom_width=\u00a0\u00bboff\u00a0\u00bb width_unit=\u00a0\u00bboff\u00a0\u00bb custom_width_px=\u00a0\u00bb1080px\u00a0\u00bb custom_width_percent=\u00a0\u00bb80%\u00a0\u00bb locked=\u00a0\u00bboff\u00a0\u00bb][et_pb_row _builder_version=\u00a0\u00bb4.6.6&Prime; background_color=\u00a0\u00bb#ffffff\u00a0\u00bb custom_padding=\u00a0\u00bb0px||0px|||\u00a0\u00bb][et_pb_column type=\u00a0\u00bb4_4&Prime; _builder_version=\u00a0\u00bb3.25.4&Prime;][et_pb_text _builder_version=\u00a0\u00bb4.6.6&Prime; _module_preset=\u00a0\u00bbdefault\u00a0\u00bb custom_padding=\u00a0\u00bb36px||0px|||\u00a0\u00bb]<\/p>\n<h1 style=\"text-align: center;\"><strong>DEVENEZ UN(E) AFFILI\u00c9(E) DE L&rsquo;ACAD\u00c9MIE FORWAVES<br \/><\/strong><\/h1>\n<p>[\/et_pb_text][\/et_pb_column][\/et_pb_row][et_pb_row column_structure=\u00a0\u00bb2_3,1_3&Prime; _builder_version=\u00a0\u00bb4.6.6&Prime; _module_preset=\u00a0\u00bbdefault\u00a0\u00bb custom_margin=\u00a0\u00bb2px|auto||auto||\u00a0\u00bb hover_enabled=\u00a0\u00bb0&Prime; sticky_enabled=\u00a0\u00bb0&Prime;][et_pb_column type=\u00a0\u00bb2_3&Prime; _builder_version=\u00a0\u00bb4.6.6&Prime; _module_preset=\u00a0\u00bbdefault\u00a0\u00bb hover_enabled=\u00a0\u00bb0&Prime; sticky_enabled=\u00a0\u00bb0&Prime;][et_pb_text _builder_version=\u00a0\u00bb4.6.6&Prime; _module_preset=\u00a0\u00bbdefault\u00a0\u00bb custom_margin=\u00a0\u00bb-2px|||||\u00a0\u00bb custom_padding=\u00a0\u00bb0px|||||\u00a0\u00bb]<\/p>\n<h3 style=\"text-align: left;\"><span style=\"font-size: large;\">Remplissez simplement le formulaire ci-dessous.<br \/><\/span><\/h3>\n<h3 style=\"text-align: left;\"><\/h3>\n<h3 style=\"text-align: left;\"><span style=\"font-size: large;\">Notre \u00e9quipe de recrutement des affili\u00e9s va vous contacter rapidement et\/ou vous proposer d&rsquo;organiser un appel, surtout si nous n&rsquo;avons pas encore fait connaissance! <br \/><\/span><\/h3>\n<p>[\/et_pb_text][et_pb_text _builder_version=\u00a0\u00bb4.6.6&Prime; _module_preset=\u00a0\u00bbdefault\u00a0\u00bb custom_margin=\u00a0\u00bb||10px|||\u00a0\u00bb hover_enabled=\u00a0\u00bb0&Prime; sticky_enabled=\u00a0\u00bb0&Prime;]<\/p>\n<h2 style=\"text-align: left;\">Le meilleur moment pour agir, c&rsquo;est maintenant.<\/h2>\n<p>[\/et_pb_text][\/et_pb_column][et_pb_column type=\u00a0\u00bb1_3&Prime; _builder_version=\u00a0\u00bb4.6.6&Prime; _module_preset=\u00a0\u00bbdefault\u00a0\u00bb][et_pb_image src=\u00a0\u00bbhttps:\/\/citizens.forwaves.com\/wp-content\/uploads\/2023\/07\/leadership-mentoring-program.webp\u00a0\u00bb title_text=\u00a0\u00bbleadership-mentoring-program\u00a0\u00bb align=\u00a0\u00bbcenter\u00a0\u00bb _builder_version=\u00a0\u00bb4.6.6&Prime; _module_preset=\u00a0\u00bbdefault\u00a0\u00bb custom_padding=\u00a0\u00bb|142px||||\u00a0\u00bb][\/et_pb_image][\/et_pb_column][\/et_pb_row][et_pb_row _builder_version=\u00a0\u00bb4.6.6&Prime; _module_preset=\u00a0\u00bbdefault\u00a0\u00bb custom_padding=\u00a0\u00bb||0px|||\u00a0\u00bb][et_pb_column type=\u00a0\u00bb4_4&Prime; _builder_version=\u00a0\u00bb4.6.6&Prime; _module_preset=\u00a0\u00bbdefault\u00a0\u00bb][wpforms_selector _builder_version=\u00a0\u00bb4.6.6&Prime; _module_preset=\u00a0\u00bbdefault\u00a0\u00bb form_id=\u00a0\u00bb35465&Prime; hover_enabled=\u00a0\u00bb0&Prime; sticky_enabled=\u00a0\u00bb0&Prime;][\/wpforms_selector][\/et_pb_column][\/et_pb_row][\/et_pb_section]<\/p>\n","protected":false},"excerpt":{"rendered":"<p>DEVENEZ UN(E) AFFILI\u00c9(E) DE L&rsquo;ACAD\u00c9MIE FORWAVESRemplissez simplement le formulaire ci-dessous. Notre \u00e9quipe de recrutement des affili\u00e9s va vous contacter rapidement et\/ou vous proposer d&rsquo;organiser un appel, surtout si nous n&rsquo;avons pas encore fait connaissance! Le meilleur moment pour agir, c&rsquo;est maintenant. <div class=\"et_pb_module wpforms_selector wpforms_selector_0\">\n\t\t\t\t\n\t\t\t\t\n\t\t\t\t\n\t\t\t\t\n\t\t\t\t\n\t\t\t\t\n\t\t\t\t<div class=\"et_pb_module_inner\">\n\t\t\t\t\t<div class=\"wpforms-container wpforms-container-full\" id=\"wpforms-35465\"><form id=\"wpforms-form-35465\" class=\"wpforms-validate wpforms-form\" data-formid=\"35465\" method=\"post\" enctype=\"multipart\/form-data\" action=\"\/fr\/wp-json\/wp\/v2\/pages\/35466\" data-token=\"cfcdaec38a76b6b5365d87f5fb19df21\"><noscript class=\"wpforms-error-noscript\">Veuillez activer JavaScript dans votre navigateur pour remplir ce formulaire.<\/noscript><div class=\"wpforms-field-container\"><div id=\"wpforms-35465-field_27-container\" class=\"wpforms-field wpforms-field-email\" data-field-id=\"27\"><label class=\"wpforms-field-label\" for=\"wpforms-35465-field_27\">Nom <span class=\"wpforms-required-label\">*<\/span><\/label><input type=\"email\" id=\"wpforms-35465-field_27\" class=\"wpforms-field-medium wpforms-field-required\" name=\"wpforms[fields][27]\" spellcheck=\"false\" required><\/div><div id=\"wpforms-35465-field_28-container\" class=\"wpforms-field wpforms-field-email\" data-field-id=\"28\"><label class=\"wpforms-field-label\" for=\"wpforms-35465-field_28\">Pr\u00e9nom <span class=\"wpforms-required-label\">*<\/span><\/label><input type=\"email\" id=\"wpforms-35465-field_28\" class=\"wpforms-field-medium wpforms-field-required\" name=\"wpforms[fields][28]\" spellcheck=\"false\" required><\/div><div id=\"wpforms-35465-field_1-container\" class=\"wpforms-field wpforms-field-email\" data-field-id=\"1\"><label class=\"wpforms-field-label\" for=\"wpforms-35465-field_1\">Email <span class=\"wpforms-required-label\">*<\/span><\/label><input type=\"email\" id=\"wpforms-35465-field_1\" class=\"wpforms-field-medium wpforms-field-required\" name=\"wpforms[fields][1]\" spellcheck=\"false\" required><\/div><div id=\"wpforms-35465-field_15-container\" class=\"wpforms-field wpforms-field-textarea\" data-field-id=\"15\"><label class=\"wpforms-field-label\" for=\"wpforms-35465-field_15\">Pourquoi souhaitez-vous devenir un(e) affili\u00e9(e) de l&#039;Acad\u00e9mie ForWaves? <span class=\"wpforms-required-label\">*<\/span><\/label><textarea id=\"wpforms-35465-field_15\" class=\"wpforms-field-medium wpforms-field-required\" name=\"wpforms[fields][15]\" required><\/textarea><\/div><div id=\"wpforms-35465-field_8-container\" class=\"wpforms-field wpforms-field-textarea\" data-field-id=\"8\"><label class=\"wpforms-field-label\" for=\"wpforms-35465-field_8\">Commentaires<\/label><textarea id=\"wpforms-35465-field_8\" class=\"wpforms-field-medium\" name=\"wpforms[fields][8]\" ><\/textarea><\/div><\/div><!-- .wpforms-field-container --><div class=\"wpforms-submit-container\" ><input type=\"hidden\" name=\"wpforms[id]\" value=\"35465\"><input type=\"hidden\" name=\"wpforms[author]\" value=\"1\"><button type=\"submit\" name=\"wpforms[submit]\" id=\"wpforms-submit-35465\" class=\"wpforms-submit\" data-alt-text=\"Sending...\" data-submit-text=\"Submit\" aria-live=\"assertive\" value=\"wpforms-submit\">Submit<\/button><\/div><\/form><\/div>  <!-- .wpforms-container -->\n\t\t\t\t<\/div>\n\t\t\t<\/div><\/p>\n","protected":false},"author":1,"featured_media":0,"parent":0,"menu_order":0,"comment_status":"closed","ping_status":"closed","template":"","meta":{"_et_pb_use_builder":"on","_et_pb_old_content":"","_et_gb_content_width":"","footnotes":""},"_links":{"self":[{"href":"https:\/\/citizens.forwaves.com\/fr\/wp-json\/wp\/v2\/pages\/35466"}],"collection":[{"href":"https:\/\/citizens.forwaves.com\/fr\/wp-json\/wp\/v2\/pages"}],"about":[{"href":"https:\/\/citizens.forwaves.com\/fr\/wp-json\/wp\/v2\/types\/page"}],"author":[{"embeddable":true,"href":"https:\/\/citizens.forwaves.com\/fr\/wp-json\/wp\/v2\/users\/1"}],"replies":[{"embeddable":true,"href":"https:\/\/citizens.forwaves.com\/fr\/wp-json\/wp\/v2\/comments?post=35466"}],"version-history":[{"count":4,"href":"https:\/\/citizens.forwaves.com\/fr\/wp-json\/wp\/v2\/pages\/35466\/revisions"}],"predecessor-version":[{"id":35471,"href":"https:\/\/citizens.forwaves.com\/fr\/wp-json\/wp\/v2\/pages\/35466\/revisions\/35471"}],"wp:attachment":[{"href":"https:\/\/citizens.forwaves.com\/fr\/wp-json\/wp\/v2\/media?parent=35466"}],"curies":[{"name":"wp","href":"https:\/\/api.w.org\/{rel}","templated":true}]}}