{"id":49600,"date":"2021-02-23T10:13:43","date_gmt":"2021-02-23T09:13:43","guid":{"rendered":"https:\/\/citizens.forwaves.com\/affilies\/"},"modified":"2025-10-09T11:07:32","modified_gmt":"2025-10-09T09:07:32","slug":"affilies","status":"publish","type":"page","link":"https:\/\/citizens.forwaves.com\/fr\/affilies\/","title":{"rendered":"AFFILI\u00c9S"},"content":{"rendered":"<p>[et_pb_section fb_built=\u00a0\u00bb1&Prime; admin_label=\u00a0\u00bbsection\u00a0\u00bb _builder_version=\u00a0\u00bb4.16&Prime; transparent_background=\u00a0\u00bboff\u00a0\u00bb make_fullwidth=\u00a0\u00bboff\u00a0\u00bb use_custom_width=\u00a0\u00bboff\u00a0\u00bb width_unit=\u00a0\u00bboff\u00a0\u00bb custom_width_px=\u00a0\u00bb1080px\u00a0\u00bb custom_width_percent=\u00a0\u00bb80%\u00a0\u00bb locked=\u00a0\u00bboff\u00a0\u00bb global_colors_info=\u00a0\u00bb{}\u00a0\u00bb][et_pb_row _builder_version=\u00a0\u00bb4.16&Prime; global_colors_info=\u00a0\u00bb{}\u00a0\u00bb][et_pb_column type=\u00a0\u00bb4_4&Prime; _builder_version=\u00a0\u00bb4.16&Prime; global_colors_info=\u00a0\u00bb{}\u00a0\u00bb][et_pb_image src=\u00a0\u00bbhttps:\/\/citizens.forwaves.com\/wp-content\/uploads\/2023\/07\/ForWaves_leadership_mentoring_program.webp\u00a0\u00bb title_text=\u00a0\u00bbProgramme de mentorat pour les dirigeants de ForWaves\u00a0\u00bb _builder_version=\u00a0\u00bb4.16&Prime; _module_preset=\u00a0\u00bbdefault\u00a0\u00bb global_colors_info=\u00a0\u00bb{}\u00a0\u00bb][\/et_pb_image][et_pb_text _builder_version=\u00a0\u00bb4.24.3&Prime; _module_preset=\u00a0\u00bbdefault\u00a0\u00bb global_colors_info=\u00a0\u00bb{}\u00a0\u00bb hover_enabled=\u00a0\u00bb0&Prime; sticky_enabled=\u00a0\u00bb0&Prime;]<\/p>\n<h1 style=\"text-align: center;\">DEVENEZ UN(E) AFFILI\u00c9(E)<\/h1>\n<p>[\/et_pb_text][et_pb_image src=\u00a0\u00bbhttps:\/\/citizens.forwaves.com\/wp-content\/uploads\/2023\/07\/executive-transition-leadership-coach.webp\u00a0\u00bb title_text=\u00a0\u00bbcoach pour cadres en transition\u00a0\u00bb _builder_version=\u00a0\u00bb4.16&Prime; _module_preset=\u00a0\u00bbdefault\u00a0\u00bb global_colors_info=\u00a0\u00bb{}\u00a0\u00bb][\/et_pb_image][\/et_pb_column][\/et_pb_row][et_pb_row _builder_version=\u00a0\u00bb4.16&Prime; _module_preset=\u00a0\u00bbdefault\u00a0\u00bb global_colors_info=\u00a0\u00bb{}\u00a0\u00bb][et_pb_column type=\u00a0\u00bb4_4&Prime; _builder_version=\u00a0\u00bb4.16&Prime; _module_preset=\u00a0\u00bbdefault\u00a0\u00bb global_colors_info=\u00a0\u00bb{}\u00a0\u00bb][et_pb_text _builder_version=\u00a0\u00bb4.24.3&Prime; _module_preset=\u00a0\u00bbdefault\u00a0\u00bb global_colors_info=\u00a0\u00bb{}\u00a0\u00bb hover_enabled=\u00a0\u00bb0&Prime; sticky_enabled=\u00a0\u00bb0&Prime;]<\/p>\n<h2 style=\"text-align: center;\">Le meilleur moment pour agir, c\u2019est maintenant.<\/h2>\n<p>[\/et_pb_text][et_pb_button button_url=\u00a0\u00bbhttps:\/\/citizens.forwaves.com\/fr\/affiliate_signup_form_fr\/\u00a0\u00bb button_text=\u00a0\u00bbS&apos;inscrire gratuitement\u00a0\u00bb _builder_version=\u00a0\u00bb4.24.3&Prime; _module_preset=\u00a0\u00bbdefault\u00a0\u00bb button_bg_color=\u00a0\u00bb#3aa9ad\u00a0\u00bb global_colors_info=\u00a0\u00bb{}\u00a0\u00bb button_alignment=\u00a0\u00bbcenter\u00a0\u00bb hover_enabled=\u00a0\u00bb0&Prime; sticky_enabled=\u00a0\u00bb0&Prime;][\/et_pb_button][\/et_pb_column][\/et_pb_row][\/et_pb_section][et_pb_section fb_built=\u00a0\u00bb1&Prime; _builder_version=\u00a0\u00bb4.16&Prime; _module_preset=\u00a0\u00bbdefault\u00a0\u00bb global_colors_info=\u00a0\u00bb{}\u00a0\u00bb][et_pb_row column_structure=\u00a0\u00bb3_5,2_5&Prime; _builder_version=\u00a0\u00bb4.16&Prime; _module_preset=\u00a0\u00bbdefault\u00a0\u00bb global_colors_info=\u00a0\u00bb{}\u00a0\u00bb][et_pb_column type=\u00a0\u00bb3_5&Prime; _builder_version=\u00a0\u00bb4.16&Prime; _module_preset=\u00a0\u00bbdefault\u00a0\u00bb global_colors_info=\u00a0\u00bb{}\u00a0\u00bb][et_pb_text _builder_version=\u00a0\u00bb4.24.3&Prime; _module_preset=\u00a0\u00bbdefault\u00a0\u00bb global_colors_info=\u00a0\u00bb{}\u00a0\u00bb hover_enabled=\u00a0\u00bb0&Prime; sticky_enabled=\u00a0\u00bb0&Prime;]<\/p>\n<h2>\u00c9QUIPE \u2013 Ensemble, chacun(e) atteint de meilleurs r\u00e9sultats.<\/h2>\n<p>#TEAMWork #MakeABetterWorld<\/p>\n<h3>Rejoignez notre programme d&rsquo;affiliation ForWaves Citizens Academy d\u00e8s aujourd&rsquo;hui !<\/h3>\n<p><strong>Vous pouvez gagner un revenu suppl\u00e9mentaire en tant qu&rsquo;affili\u00e9(e) au programme de leadership et de carri\u00e8re de affili\u00e9 au programme de leadership et de carri\u00e8re ForWaves.<\/strong><\/p>\n<p><strong>Ensemble, donnons aux acteurs du changement les moyens de trouver ou de cr\u00e9er des emplois \u00e0 fort impact.  <\/strong><\/p>\n<p><strong>Nous pouvons changer le monde &#8211; une carri\u00e8re \u00e0 la fois !<\/strong><\/p>\n<p><strong>Le succ\u00e8s de chacun est notre succ\u00e8s. Aucun talent ne peut \u00eatre gaspill\u00e9 ! <\/strong><\/p>\n<p style=\"text-align: justify;\">\n<p>[\/et_pb_text][\/et_pb_column][et_pb_column type=\u00a0\u00bb2_5&Prime; _builder_version=\u00a0\u00bb4.16&Prime; _module_preset=\u00a0\u00bbdefault\u00a0\u00bb global_colors_info=\u00a0\u00bb{}\u00a0\u00bb][et_pb_image src=\u00a0\u00bbhttps:\/\/citizens.forwaves.com\/wp-content\/uploads\/2023\/07\/best-team-building-programs.webp\u00a0\u00bb title_text=\u00a0\u00bbles meilleurs programmes de consolidation d&#039;\u00e9quipe\u00a0\u00bb _builder_version=\u00a0\u00bb4.16&Prime; _module_preset=\u00a0\u00bbdefault\u00a0\u00bb global_colors_info=\u00a0\u00bb{}\u00a0\u00bb][\/et_pb_image][\/et_pb_column][\/et_pb_row][et_pb_row _builder_version=\u00a0\u00bb4.16&Prime; _module_preset=\u00a0\u00bbdefault\u00a0\u00bb global_colors_info=\u00a0\u00bb{}\u00a0\u00bb][et_pb_column type=\u00a0\u00bb4_4&Prime; _builder_version=\u00a0\u00bb4.16&Prime; _module_preset=\u00a0\u00bbdefault\u00a0\u00bb global_colors_info=\u00a0\u00bb{}\u00a0\u00bb][et_pb_text _builder_version=\u00a0\u00bb4.24.3&Prime; _module_preset=\u00a0\u00bbdefault\u00a0\u00bb global_colors_info=\u00a0\u00bb{}\u00a0\u00bb hover_enabled=\u00a0\u00bb0&Prime; sticky_enabled=\u00a0\u00bb0&Prime;]<\/p>\n<h2>Comment cela fonctionne-t-il ?<\/h2>\n<p>Les affili\u00e9(e)s s\u00e9lectionn\u00e9(e)s re\u00e7oivent une commission fixe pour chaque premi\u00e8re vente r\u00e9alis\u00e9e par un nouveau client priv\u00e9 (\u00e0 l&rsquo;exclusion des entreprises clientes et des organisations partenaires) gr\u00e2ce \u00e0 leur recommandation \/ site \/ messages dans les m\u00e9dias sociaux. Tout ce que vous avez \u00e0 faire est de recommander nos services (suivant les lignes directrices de ForWaves\u00ae et en vous assurant que le client mentionne votre nom et\/ou votre code d&rsquo;affili\u00e9(e) lorsqu&rsquo;il ach\u00e8te notre produit ou service). <\/p>\n<p>Nous offrons \u00e9galement des remises sp\u00e9ciales ou des cadeaux \u00e0 nos affili\u00e9s.<\/p>\n<h2>La Commission<\/h2>\n<p>Notre pourcentage de commission est de 10% pour les achats effectu\u00e9s par chaque client priv\u00e9 apr\u00e8s leur premier achat de l&rsquo;un des services (ou produits) de l\u2019Acad\u00e9mie des Citoyens ForWaves.<\/p>\n<h2>Le monde a besoin de leaders d&rsquo;impact \u00e9panouis !<\/h2>\n<p>Pourquoi attendre ? Le monde a besoin de nouveaux #WavesOfImpactLeaders ! <\/p>\n<p><strong>Commencez \u00e0 gagner de l&rsquo;argent imm\u00e9diatement tout en contribuant \u00e0 un monde meilleur gr\u00e2ce \u00e0 un partenariat avec nous.<\/strong><\/p>\n<h3><a href=\"https:\/\/citizens.forwaves.com\/fr\/affiliate_signup_form_fr\/\">Rejoignez-nous gratuitement maintenant !<\/a><\/h3>\n<p><strong>Le processus d&rsquo;inscription pour devenir un(e) affili\u00e9(e) est tr\u00e8s rapide et facile, et peut \u00eatre compl\u00e9t\u00e9 ici.<\/strong><\/p>\n<p> Si vous avez besoin d&rsquo;aide, n&rsquo;h\u00e9sitez pas \u00e0 nous envoyer un courriel \u00e0 l&rsquo;adresse suivante <a href=\"mailto:affiliate@forwaves.com\">affiliate@forwaves.com<\/a> ou \u00e0 nous appeler au +41 22 366 80 80.<\/p>\n<p>[\/et_pb_text][\/et_pb_column][\/et_pb_row][\/et_pb_section][et_pb_section fb_built=\u00a0\u00bb1&Prime; _builder_version=\u00a0\u00bb4.16&Prime; _module_preset=\u00a0\u00bbdefault\u00a0\u00bb global_colors_info=\u00a0\u00bb{}\u00a0\u00bb][et_pb_row column_structure=\u00a0\u00bb1_2,1_2&Prime; _builder_version=\u00a0\u00bb4.24.3&Prime; _module_preset=\u00a0\u00bbdefault\u00a0\u00bb global_colors_info=\u00a0\u00bb{}\u00a0\u00bb hover_enabled=\u00a0\u00bb0&Prime; sticky_enabled=\u00a0\u00bb0&Prime;][et_pb_column type=\u00a0\u00bb1_2&Prime; _builder_version=\u00a0\u00bb4.16&Prime; _module_preset=\u00a0\u00bbdefault\u00a0\u00bb global_colors_info=\u00a0\u00bb{}\u00a0\u00bb][et_pb_image src=\u00a0\u00bbhttps:\/\/citizens.forwaves.com\/wp-content\/uploads\/2023\/07\/Tatjana-Initiative-1.jpg\u00a0\u00bb title_text=\u00a0\u00bbInitiative Tatjana\u00a0\u00bb _builder_version=\u00a0\u00bb4.16&Prime; _module_preset=\u00a0\u00bbdefault\u00a0\u00bb global_colors_info=\u00a0\u00bb{}\u00a0\u00bb][\/et_pb_image][\/et_pb_column][et_pb_column type=\u00a0\u00bb1_2&Prime; _builder_version=\u00a0\u00bb4.16&Prime; _module_preset=\u00a0\u00bbdefault\u00a0\u00bb global_colors_info=\u00a0\u00bb{}\u00a0\u00bb][et_pb_text _builder_version=\u00a0\u00bb4.24.3&Prime; _module_preset=\u00a0\u00bbdefault\u00a0\u00bb global_colors_info=\u00a0\u00bb{}\u00a0\u00bb hover_enabled=\u00a0\u00bb0&Prime; sticky_enabled=\u00a0\u00bb0&Prime;]<\/p>\n<h2>Programme d&rsquo;affili\u00e9s de l\u2019Acad\u00e9mie ForWaves \u2013 Initiative Tatjana (Activit\u00e9s de gratitude)<\/h2>\n<p>Cr\u00e9e par ForWaves Consulting S\u00e0rl.<\/p>\n<p><strong>Aidez-nous \u00e0 donner aux citoyen(ne)s les moyens de trouver un travail porteur de sens et de contribuer \u00e0 un monde meilleur pour les g\u00e9n\u00e9rations d\u2019aujourd\u2019hui et de demain.<\/strong><\/p>\n<p>Notre programme d&rsquo;affiliation ForWaves Citizens inclut notre Initiative \u00a0\u00bb Tatjana \u00a0\u00bb (Activit\u00e9s de Gratitude) o\u00f9 nous redonnons \u00e0 la soci\u00e9t\u00e9 suite aux ventes de \u00a0\u00bb Programmes Premium de Coaching Ex\u00e9cutif r\u00e9alis\u00e9es gr\u00e2ce \u00e0 nos affili\u00e9s. Le don en retour dans le cadre de cette initiative caritative peut consister, par exemple, en des activit\u00e9s de mentorat ou de formation soutenant des demandeurs d&#8217;emploi ou des projets d&rsquo;assistance technique dans des pays en d\u00e9veloppement dans des domaines tels que l&rsquo;\u00e9ducation, les droits de l&rsquo;homme, les programmes de leadership pour tous, le soutien aux petites entreprises et aux \u00e9conomies inclusives. Les activit\u00e9s de gratitude ont \u00e9t\u00e9 rebaptis\u00e9es \u00a0\u00bb Initiative Tatjana \u00a0\u00bb en m\u00e9moire de la m\u00e8re de Maria, d\u00e9c\u00e9d\u00e9e en 2021. N\u00e9e dans un camp de r\u00e9fugi\u00e9s, Tatjana s&rsquo;est toujours souci\u00e9e des populations vuln\u00e9rables, de la diversit\u00e9 et de l&rsquo;inclusion.   <\/p>\n<p><em><strong>Cr\u00e9ons de nouvelles vagues ! Rejoignez notre programme d&rsquo;affiliation en vous inscrivant \u00e0 notre programme <a href=\"https:\/\/citizens.forwaves.com\/fr\/affiliate_signup_form_fr\/\">ici<\/a>.<br \/>  <\/strong><\/em><\/p>\n<p>[\/et_pb_text][et_pb_button button_url=\u00a0\u00bbhttps:\/\/citizens.forwaves.com\/fr\/affiliate_signup_form_fr\/\u00a0\u00bb button_text=\u00a0\u00bbDevenez un(e) Affili\u00e9(e)\u00a0\u00bb _builder_version=\u00a0\u00bb4.16&Prime; _module_preset=\u00a0\u00bbdefault\u00a0\u00bb button_bg_color=\u00a0\u00bb#3aa9ad\u00a0\u00bb global_colors_info=\u00a0\u00bb{}\u00a0\u00bb][\/et_pb_button][\/et_pb_column][\/et_pb_row][\/et_pb_section][et_pb_section fb_built=\u00a0\u00bb1&Prime; _builder_version=\u00a0\u00bb4.24.3&Prime; _module_preset=\u00a0\u00bbdefault\u00a0\u00bb global_colors_info=\u00a0\u00bb{}\u00a0\u00bb title_text=\u00a0\u00bbchange-management\u00a0\u00bb background_image=\u00a0\u00bbhttps:\/\/citizens.forwaves.com\/wp-content\/uploads\/2023\/07\/change-management.jpeg\u00a0\u00bb parallax=\u00a0\u00bbon\u00a0\u00bb min_height=\u00a0\u00bb50vh\u00a0\u00bb hover_enabled=\u00a0\u00bb0&Prime; sticky_enabled=\u00a0\u00bb0&Prime; custom_margin=\u00a0\u00bb||||false|false\u00a0\u00bb custom_padding=\u00a0\u00bb40vh||||false|false\u00a0\u00bb][et_pb_row _builder_version=\u00a0\u00bb4.24.3&Prime; _module_preset=\u00a0\u00bbdefault\u00a0\u00bb global_colors_info=\u00a0\u00bb{}\u00a0\u00bb hover_enabled=\u00a0\u00bb0&Prime; sticky_enabled=\u00a0\u00bb0&Prime;][et_pb_column type=\u00a0\u00bb4_4&Prime; _builder_version=\u00a0\u00bb4.16&Prime; _module_preset=\u00a0\u00bbdefault\u00a0\u00bb global_colors_info=\u00a0\u00bb{}\u00a0\u00bb][et_pb_text _builder_version=\u00a0\u00bb4.24.3&Prime; _module_preset=\u00a0\u00bb5b59838f-d1a3-4c70-b4d1-37814205e43d\u00a0\u00bb global_colors_info=\u00a0\u00bb{}\u00a0\u00bb hover_enabled=\u00a0\u00bb0&Prime; sticky_enabled=\u00a0\u00bb0&Prime;]<\/p>\n<p style=\"text-align: center;\">\u00a9 Photo de Martin Drevermann<\/p>\n<p>[\/et_pb_text][\/et_pb_column][\/et_pb_row][\/et_pb_section]<\/p>\n","protected":false},"excerpt":{"rendered":"<p>DEVENEZ UN(E) AFFILI\u00c9(E)Le meilleur moment pour agir, c\u2019est maintenant.\u00c9QUIPE \u2013 Ensemble, chacun(e) atteint de meilleurs r\u00e9sultats. #TEAMWork #MakeABetterWorld Rejoignez notre programme d&rsquo;affiliation ForWaves Citizens Academy d\u00e8s aujourd&rsquo;hui ! Vous pouvez gagner un revenu suppl\u00e9mentaire en tant qu&rsquo;affili\u00e9(e) au programme de leadership et de carri\u00e8re de affili\u00e9 au programme de leadership et de carri\u00e8re ForWaves. Ensemble, [&hellip;]<\/p>\n","protected":false},"author":1,"featured_media":0,"parent":0,"menu_order":0,"comment_status":"closed","ping_status":"closed","template":"","meta":{"_et_pb_use_builder":"on","_et_pb_old_content":"","_et_gb_content_width":"","footnotes":""},"_links":{"self":[{"href":"https:\/\/citizens.forwaves.com\/fr\/wp-json\/wp\/v2\/pages\/49600"}],"collection":[{"href":"https:\/\/citizens.forwaves.com\/fr\/wp-json\/wp\/v2\/pages"}],"about":[{"href":"https:\/\/citizens.forwaves.com\/fr\/wp-json\/wp\/v2\/types\/page"}],"author":[{"embeddable":true,"href":"https:\/\/citizens.forwaves.com\/fr\/wp-json\/wp\/v2\/users\/1"}],"replies":[{"embeddable":true,"href":"https:\/\/citizens.forwaves.com\/fr\/wp-json\/wp\/v2\/comments?post=49600"}],"version-history":[{"count":4,"href":"https:\/\/citizens.forwaves.com\/fr\/wp-json\/wp\/v2\/pages\/49600\/revisions"}],"predecessor-version":[{"id":49682,"href":"https:\/\/citizens.forwaves.com\/fr\/wp-json\/wp\/v2\/pages\/49600\/revisions\/49682"}],"wp:attachment":[{"href":"https:\/\/citizens.forwaves.com\/fr\/wp-json\/wp\/v2\/media?parent=49600"}],"curies":[{"name":"wp","href":"https:\/\/api.w.org\/{rel}","templated":true}]}}