{"id":49693,"date":"2022-08-01T23:54:26","date_gmt":"2022-08-01T21:54:26","guid":{"rendered":"https:\/\/citizens.forwaves.com\/opportunites-demploi-forwaves\/"},"modified":"2025-10-09T12:04:23","modified_gmt":"2025-10-09T10:04:23","slug":"opportunites-demploi-forwaves","status":"publish","type":"page","link":"https:\/\/citizens.forwaves.com\/fr\/opportunites-demploi-forwaves\/","title":{"rendered":"OPPORTUNIT\u00c9S D&rsquo;EMPLOI ForWaves"},"content":{"rendered":"<p>[et_pb_section fb_built=\u00a0\u00bb1&Prime; _builder_version=\u00a0\u00bb3.25.4&Prime; custom_padding=\u00a0\u00bb||0px|||\u00a0\u00bb][et_pb_row admin_label=\u00a0\u00bbCTA Button\u00a0\u00bb _builder_version=\u00a0\u00bb3.25.4&Prime; custom_padding=\u00a0\u00bb||0px|0px||\u00a0\u00bb][et_pb_column type=\u00a0\u00bb4_4&Prime; _builder_version=\u00a0\u00bb3.25&Prime; custom_padding=\u00a0\u00bb|||\u00a0\u00bb custom_padding__hover=\u00a0\u00bb|||\u00a0\u00bb][et_pb_image src=\u00a0\u00bbhttps:\/\/citizens.forwaves.com\/wp-content\/uploads\/2023\/07\/ForWaves_leadership_mentoring_program.webp\u00a0\u00bb title_text=\u00a0\u00bbProgramme de mentorat pour les dirigeants de ForWaves\u00a0\u00bb align=\u00a0\u00bbcenter\u00a0\u00bb _builder_version=\u00a0\u00bb4.6.6&Prime; custom_padding=\u00a0\u00bb|||0px||\u00a0\u00bb][\/et_pb_image][et_pb_text admin_label=\u00a0\u00bbTittle\u00a0\u00bb _builder_version=\u00a0\u00bb4.6.6&Prime; text_font=\u00a0\u00bbNunito||||||||\u00a0\u00bb text_font_size=\u00a0\u00bb18px\u00a0\u00bb text_line_height=\u00a0\u00bb1.8em\u00a0\u00bb header_font=\u00a0\u00bb||||||||\u00a0\u00bb header_2_font=\u00a0\u00bbOswald|||on|||||\u00a0\u00bb header_2_text_align=\u00a0\u00bbcenter\u00a0\u00bb header_2_font_size=\u00a0\u00bb40px\u00a0\u00bb header_2_letter_spacing=\u00a0\u00bb1px\u00a0\u00bb header_2_line_height=\u00a0\u00bb1.5em\u00a0\u00bb header_3_font=\u00a0\u00bb||||||||\u00a0\u00bb text_orientation=\u00a0\u00bbcenter\u00a0\u00bb width=\u00a0\u00bb100%\u00a0\u00bb max_width=\u00a0\u00bb1239px\u00a0\u00bb max_width_last_edited=\u00a0\u00bboff|desktop\u00a0\u00bb custom_margin=\u00a0\u00bb89px|-672px||0px||\u00a0\u00bb custom_padding=\u00a0\u00bb|0px|0px|0px||false\u00a0\u00bb inline_fonts=\u00a0\u00bbAveria Libre,Roboto Condensed\u00a0\u00bb]<\/p>\n<h2 style=\"text-align: center;\"><span dir=\"auto\" class=\"style-scope yt-formatted-string\">OPPORTUNIT\u00c9S D&rsquo;EMPLOI<\/span><\/h2>\n<p><span dir=\"auto\" class=\"style-scope yt-formatted-string\"><span style=\"font-size: large;\"><strong>Travailler avec nous &#8211; Visitez notre site web <a href=\"https:\/\/forwaves.com\/\"><br \/>\n  <span style=\"color: #34a7ae;\">forwaves.com<\/span><br \/>\n<\/a><\/strong><\/span><\/span><\/p>\n<h2><\/h2>\n<h2><\/h2>\n<p>[\/et_pb_text][\/et_pb_column][\/et_pb_row][\/et_pb_section][et_pb_section fb_built=\u00a0\u00bb1&Prime; _builder_version=\u00a0\u00bb3.25.4&Prime; background_color=\u00a0\u00bb#464646&Prime; custom_margin=\u00a0\u00bb-2px|||||\u00a0\u00bb custom_padding=\u00a0\u00bb4px|||||\u00a0\u00bb][et_pb_row _builder_version=\u00a0\u00bb3.25.4&Prime; background_color=\u00a0\u00bb#464646&Prime;][et_pb_column type=\u00a0\u00bb4_4&Prime; _builder_version=\u00a0\u00bb3.25.4&Prime;][et_pb_text admin_label=\u00a0\u00bbTittle\u00a0\u00bb _builder_version=\u00a0\u00bb4.6.6&Prime; text_font=\u00a0\u00bbNunito||||||||\u00a0\u00bb text_font_size=\u00a0\u00bb7px\u00a0\u00bb text_line_height=\u00a0\u00bb1.8em\u00a0\u00bb header_font=\u00a0\u00bb||||||||\u00a0\u00bb header_2_font=\u00a0\u00bbOswald|||on|||||\u00a0\u00bb header_2_text_align=\u00a0\u00bbcenter\u00a0\u00bb header_2_font_size=\u00a0\u00bb40px\u00a0\u00bb header_2_letter_spacing=\u00a0\u00bb1px\u00a0\u00bb header_2_line_height=\u00a0\u00bb1.5em\u00a0\u00bb header_3_font=\u00a0\u00bb||||||||\u00a0\u00bb max_width=\u00a0\u00bb1207px\u00a0\u00bb max_width_last_edited=\u00a0\u00bboff|desktop\u00a0\u00bb module_alignment=\u00a0\u00bbcenter\u00a0\u00bb min_height=\u00a0\u00bb223px\u00a0\u00bb custom_margin=\u00a0\u00bb|-26px||-30px||\u00a0\u00bb inline_fonts=\u00a0\u00bbRoboto\u00a0\u00bb]<\/p>\n<h2><\/h2>\n<p><span style=\"text-decoration: underline;\"> <\/span><\/p>\n<h2><span style=\"color: #ffffff; font-size: xx-large; font-family: Roboto; font-weight: normal;\">Postulez pour le prochain cycle de s\u00e9lection:<br \/>Consultant ind\u00e9pendant en \u00e9valuation<br \/> <\/span><\/h2>\n<h2><span style=\"font-size: large;\"><em><span style=\"color: #ffffff; font-family: Roboto; font-weight: normal;\">LISTE DES CONSULTANTS EN \u00c9VALUATION &#8211; 2023<br \/> <\/span><\/em><\/span><\/h2>\n<p style=\"text-align: center;\"><span style=\"font-size: large;\"><em><span style=\"color: #ffffff; font-family: Roboto; font-weight: normal;\">T\u00e9l\u00e9charger le fichier <a href=\"https:\/\/citizens.forwaves.com\/wp-content\/uploads\/2023\/02\/Call-for-EOI_Independent-Consultants_Evaluation_24-February-2023.pdf\" style=\"color: rgba(255, 255, 255, 0);\">ici<\/a> (V\u00e9rifier cette page web pour les derni\u00e8res mises \u00e0 jour)<\/span><\/em><\/span><\/p>\n<p style=\"text-align: center;\"><span style=\"font-size: large;\"><em><span style=\"color: #ffffff; font-family: Roboto; font-weight: normal;\"><\/span><\/em><\/span><\/p>\n<p style=\"text-align: center;\"><span style=\"font-size: large;\"><em><span style=\"color: #ffffff; font-family: Roboto; font-weight: normal;\">Veuillez noter que seuls les dossiers complets seront pris en compte pour la s\u00e9lection.<br \/><\/span><\/em><\/span><\/p>\n<p>[\/et_pb_text][\/et_pb_column][\/et_pb_row][et_pb_row _builder_version=\u00a0\u00bb4.6.6&Prime; _module_preset=\u00a0\u00bbdefault\u00a0\u00bb][et_pb_column type=\u00a0\u00bb4_4&Prime; _builder_version=\u00a0\u00bb4.6.6&Prime; _module_preset=\u00a0\u00bbdefault\u00a0\u00bb][et_pb_image src=\u00a0\u00bbhttps:\/\/citizens.forwaves.com\/wp-content\/uploads\/2023\/07\/Call-for-EOI_Independent-Evaluation-Consultants-1.webp\u00a0\u00bb title_text=\u00a0\u00bbCall-for-EOI_Independent-Evaluation-Consultants-1&Prime; align=\u00a0\u00bbcenter\u00a0\u00bb _builder_version=\u00a0\u00bb4.6.6&Prime; _module_preset=\u00a0\u00bbdefault\u00a0\u00bb][\/et_pb_image][et_pb_image src=\u00a0\u00bbhttps:\/\/citizens.forwaves.com\/wp-content\/uploads\/2023\/07\/Call-for-EOI_Independent-Evaluation-Consultants-2.webp\u00a0\u00bb title_text=\u00a0\u00bbCall-for-EOI_Independent-Evaluation-Consultants-2&Prime; align=\u00a0\u00bbcenter\u00a0\u00bb _builder_version=\u00a0\u00bb4.6.6&Prime; _module_preset=\u00a0\u00bbdefault\u00a0\u00bb][\/et_pb_image][et_pb_image src=\u00a0\u00bbhttps:\/\/citizens.forwaves.com\/wp-content\/uploads\/2023\/07\/Call-for-EOI_Independent-Evaluation-Consultants-3.webp\u00a0\u00bb title_text=\u00a0\u00bbCall-for-EOI_Independent-Evaluation-Consultants-3&Prime; align=\u00a0\u00bbcenter\u00a0\u00bb _builder_version=\u00a0\u00bb4.6.6&Prime; _module_preset=\u00a0\u00bbdefault\u00a0\u00bb][\/et_pb_image][et_pb_text _builder_version=\u00a0\u00bb4.6.6&Prime; _module_preset=\u00a0\u00bbdefault\u00a0\u00bb]<\/p>\n<h1 style=\"text-align: center;\"><span dir=\"auto\" class=\"style-scope yt-formatted-string\" style=\"color: #ffffff; font-size: medium;\"><span style=\"font-family: Roboto Condensed; font-weight: normal;\"><strong>\u00a0\u00bb Cr\u00e9er de nouvelles vagues pour un monde meilleur ! \u00ab\u00a0&#8211; Maria Zarraga<br \/><\/strong> <\/span><\/span><\/h1>\n<p>[\/et_pb_text][\/et_pb_column][\/et_pb_row][\/et_pb_section][et_pb_section fb_built=\u00a0\u00bb1&Prime; admin_label=\u00a0\u00bbCoffee Menu\u00a0\u00bb _builder_version=\u00a0\u00bb3.25.4&Prime; background_color=\u00a0\u00bb#464646&Prime; custom_margin=\u00a0\u00bb0px|||||\u00a0\u00bb custom_padding=\u00a0\u00bb8px||0px|||\u00a0\u00bb][et_pb_row _builder_version=\u00a0\u00bb3.25.4&Prime;][et_pb_column type=\u00a0\u00bb4_4&Prime; _builder_version=\u00a0\u00bb3.25.4&Prime;][et_pb_image src=\u00a0\u00bbhttps:\/\/citizens.forwaves.com\/wp-content\/uploads\/2023\/07\/top-executive-development-programs.webp\u00a0\u00bb alt=\u00a0\u00bbWave &amp; quote_Turn Your Dreams Into Action\u00a0\u00bb title_text=\u00a0\u00bbprogrammes de d\u00e9veloppement des cadres sup\u00e9rieurs\u00a0\u00bb align=\u00a0\u00bbcenter\u00a0\u00bb _builder_version=\u00a0\u00bb4.6.6&Prime; _module_preset=\u00a0\u00bbdefault\u00a0\u00bb][\/et_pb_image][\/et_pb_column][\/et_pb_row][et_pb_row _builder_version=\u00a0\u00bb3.25.4&Prime; custom_margin=\u00a0\u00bb-8px|auto||auto||\u00a0\u00bb custom_padding=\u00a0\u00bb43px|||||\u00a0\u00bb][et_pb_column type=\u00a0\u00bb4_4&Prime; _builder_version=\u00a0\u00bb3.25.4&Prime;][et_pb_text _builder_version=\u00a0\u00bb4.6.6&Prime;]<\/p>\n<div data-gjs-type=\"default\" draggable=\"true\" id=\"inm65d-2\"><\/div>\n<div data-gjs-type=\"text\" draggable=\"true\" style=\"transition: all 0.2s ease 0s; text-align: center;\" id=\"i8f4wj-2\"><span style=\"color: #ffffff;\">Copyright \u00a9 2025<span data-gjs-type=\"text\" draggable=\"true\" style=\"transition: all .2s;\" id=\"ih5ge1\"> ForWaves Consulting S\u00e0rl &#8211; Tous droits r\u00e9serv\u00e9s<\/span><\/span><\/div>\n<p>[\/et_pb_text][\/et_pb_column][\/et_pb_row][\/et_pb_section]<\/p>\n","protected":false},"excerpt":{"rendered":"<p>OPPORTUNIT\u00c9S D&rsquo;EMPLOI Travailler avec nous &#8211; Visitez notre site web forwaves.com Postulez pour le prochain cycle de s\u00e9lection:Consultant ind\u00e9pendant en \u00e9valuation LISTE DES CONSULTANTS EN \u00c9VALUATION &#8211; 2023 T\u00e9l\u00e9charger le fichier ici (V\u00e9rifier cette page web pour les derni\u00e8res mises \u00e0 jour) Veuillez noter que seuls les dossiers complets seront pris en compte pour la [&hellip;]<\/p>\n","protected":false},"author":1,"featured_media":0,"parent":0,"menu_order":0,"comment_status":"closed","ping_status":"closed","template":"","meta":{"_et_pb_use_builder":"on","_et_pb_old_content":"","_et_gb_content_width":"","footnotes":""},"_links":{"self":[{"href":"https:\/\/citizens.forwaves.com\/fr\/wp-json\/wp\/v2\/pages\/49693"}],"collection":[{"href":"https:\/\/citizens.forwaves.com\/fr\/wp-json\/wp\/v2\/pages"}],"about":[{"href":"https:\/\/citizens.forwaves.com\/fr\/wp-json\/wp\/v2\/types\/page"}],"author":[{"embeddable":true,"href":"https:\/\/citizens.forwaves.com\/fr\/wp-json\/wp\/v2\/users\/1"}],"replies":[{"embeddable":true,"href":"https:\/\/citizens.forwaves.com\/fr\/wp-json\/wp\/v2\/comments?post=49693"}],"version-history":[{"count":6,"href":"https:\/\/citizens.forwaves.com\/fr\/wp-json\/wp\/v2\/pages\/49693\/revisions"}],"predecessor-version":[{"id":49714,"href":"https:\/\/citizens.forwaves.com\/fr\/wp-json\/wp\/v2\/pages\/49693\/revisions\/49714"}],"wp:attachment":[{"href":"https:\/\/citizens.forwaves.com\/fr\/wp-json\/wp\/v2\/media?parent=49693"}],"curies":[{"name":"wp","href":"https:\/\/api.w.org\/{rel}","templated":true}]}}